{"id":872,"date":"2025-10-13T10:30:27","date_gmt":"2025-10-13T10:30:27","guid":{"rendered":"https:\/\/opt-mvac.org\/about\/"},"modified":"2025-11-26T20:45:19","modified_gmt":"2025-11-26T20:45:19","slug":"sobre-nos","status":"publish","type":"page","link":"https:\/\/opt-mvac.org\/pt-pt\/sobre-nos\/","title":{"rendered":"Sobre N\u00f3s"},"content":{"rendered":"\t\t<div data-elementor-type=\"wp-page\" data-elementor-id=\"872\" class=\"elementor elementor-872 elementor-680\" data-elementor-post-type=\"page\">\n\t\t\t\t<div class=\"elementor-element elementor-element-3af4879 e-con-full e-flex e-con e-parent\" data-id=\"3af4879\" data-element_type=\"container\" data-e-type=\"container\" data-settings=\"{&quot;background_background&quot;:&quot;classic&quot;}\">\n\t\t\t\t<\/div>\n\t\t<div class=\"elementor-element elementor-element-c7d4db7 e-flex e-con-boxed e-con e-parent\" data-id=\"c7d4db7\" data-element_type=\"container\" data-e-type=\"container\">\n\t\t\t\t\t<div class=\"e-con-inner\">\n\t\t<div class=\"elementor-element elementor-element-94d2944 e-con-full e-flex e-con e-child\" data-id=\"94d2944\" data-element_type=\"container\" data-e-type=\"container\">\n\t\t<div class=\"elementor-element elementor-element-8f27d49 e-con-full e-flex e-con e-child\" data-id=\"8f27d49\" data-element_type=\"container\" data-e-type=\"container\">\n\t\t\t\t<div class=\"elementor-element elementor-element-584c9de animated-fast elementor-invisible elementor-widget elementor-widget-heading\" data-id=\"584c9de\" data-element_type=\"widget\" data-e-type=\"widget\" data-settings=\"{&quot;_animation&quot;:&quot;fadeIn&quot;}\" data-widget_type=\"heading.default\">\n\t\t\t\t<div class=\"elementor-widget-container\">\n\t\t\t\t\t<h2 class=\"elementor-heading-title elementor-size-default\"><b>Otimiza\u00e7\u00e3o<\/b> da ades\u00e3o \u00e0 vacina contra a mal\u00e1ria<\/h2>\t\t\t\t<\/div>\n\t\t\t\t<\/div>\n\t\t\t\t<div class=\"elementor-element elementor-element-b9aadbd animated-fast elementor-invisible elementor-widget elementor-widget-text-editor\" data-id=\"b9aadbd\" data-element_type=\"widget\" data-e-type=\"widget\" data-settings=\"{&quot;_animation&quot;:&quot;fadeIn&quot;}\" data-widget_type=\"text-editor.default\">\n\t\t\t\t<div class=\"elementor-widget-container\">\n\t\t\t\t\t\t\t\t\t<p>A implementa\u00e7\u00e3o de vacinas eficazes contra a mal\u00e1ria representa um marco importante na sa\u00fade global, oferecendo uma protec\u00e7\u00e3o vital em \u00e1reas end\u00e9micas todos os anos. Com base no sucesso do Programa de Implementa\u00e7\u00e3o da Vacina contra a Mal\u00e1ria no Gana, Malawi e Qu\u00e9nia \u2014 que <strong>demonstrou que, ao longo de 4 anos, cerca de 1 em cada 8 mortes por todas as causas foram evitadas em crian\u00e7as pequenas eleg\u00edveis para receber a vacina RTS,S <\/strong>\u2014 a Organiza\u00e7\u00e3o Mundial de Sa\u00fade (OMS) aprovou a vacina RTS,S em 2021.<\/p><p>Em 2023, a OMS recomendou tamb\u00e9m a vacina R21\/Matrix-M. Ambas as vacinas contra a mal\u00e1ria demonstraram ser seguras e eficazes, reduzindo os casos de mal\u00e1ria em mais de 50% no primeiro ano ap\u00f3s a vacina\u00e7\u00e3o \u2014 um per\u00edodo cr\u00edtico em que as crian\u00e7as enfrentam o maior risco de doen\u00e7a grave e morte.<\/p>\t\t\t\t\t\t\t\t<\/div>\n\t\t\t\t<\/div>\n\t\t\t\t<\/div>\n\t\t<div class=\"elementor-element elementor-element-fbe8903 e-con-full e-flex e-con e-child\" data-id=\"fbe8903\" data-element_type=\"container\" data-e-type=\"container\">\n\t\t\t\t<div class=\"elementor-element elementor-element-38324ca animated-fast elementor-invisible elementor-widget elementor-widget-image\" data-id=\"38324ca\" data-element_type=\"widget\" data-e-type=\"widget\" data-settings=\"{&quot;_animation&quot;:&quot;fadeInRight&quot;}\" data-widget_type=\"image.default\">\n\t\t\t\t<div class=\"elementor-widget-container\">\n\t\t\t\t\t\t\t\t\t\t\t\t\t\t\t<img fetchpriority=\"high\" decoding=\"async\" width=\"685\" height=\"552\" src=\"https:\/\/opt-mvac.org\/wp-content\/uploads\/2025\/10\/about-1.jpg\" class=\"attachment-large size-large wp-image-708\" alt=\"\" srcset=\"https:\/\/opt-mvac.org\/wp-content\/uploads\/2025\/10\/about-1.jpg 685w, https:\/\/opt-mvac.org\/wp-content\/uploads\/2025\/10\/about-1-300x242.jpg 300w\" sizes=\"(max-width: 685px) 100vw, 685px\" \/>\t\t\t\t\t\t\t\t\t\t\t\t\t\t\t<\/div>\n\t\t\t\t<\/div>\n\t\t\t\t<\/div>\n\t\t\t\t<\/div>\n\t\t<div class=\"elementor-element elementor-element-3c50d7c e-con-full e-flex e-con e-child\" data-id=\"3c50d7c\" data-element_type=\"container\" data-e-type=\"container\">\n\t\t<div class=\"elementor-element elementor-element-7be1d30 e-con-full e-flex e-con e-child\" data-id=\"7be1d30\" data-element_type=\"container\" data-e-type=\"container\">\n\t\t\t\t<div class=\"elementor-element elementor-element-4c9e441 animated-fast elementor-invisible elementor-widget elementor-widget-image\" data-id=\"4c9e441\" data-element_type=\"widget\" data-e-type=\"widget\" data-settings=\"{&quot;_animation&quot;:&quot;fadeInLeft&quot;}\" data-widget_type=\"image.default\">\n\t\t\t\t<div class=\"elementor-widget-container\">\n\t\t\t\t\t\t\t\t\t\t\t\t\t\t\t<img decoding=\"async\" width=\"685\" height=\"548\" src=\"https:\/\/opt-mvac.org\/wp-content\/uploads\/2025\/10\/about-2.jpg\" class=\"attachment-large size-large wp-image-710\" alt=\"\" srcset=\"https:\/\/opt-mvac.org\/wp-content\/uploads\/2025\/10\/about-2.jpg 685w, https:\/\/opt-mvac.org\/wp-content\/uploads\/2025\/10\/about-2-300x240.jpg 300w\" sizes=\"(max-width: 685px) 100vw, 685px\" \/>\t\t\t\t\t\t\t\t\t\t\t\t\t\t\t<\/div>\n\t\t\t\t<\/div>\n\t\t\t\t<\/div>\n\t\t<div class=\"elementor-element elementor-element-d570abc e-con-full e-flex e-con e-child\" data-id=\"d570abc\" data-element_type=\"container\" data-e-type=\"container\">\n\t\t\t\t<div class=\"elementor-element elementor-element-adb5d25 animated-fast elementor-invisible elementor-widget elementor-widget-heading\" data-id=\"adb5d25\" data-element_type=\"widget\" data-e-type=\"widget\" data-settings=\"{&quot;_animation&quot;:&quot;fadeIn&quot;}\" data-widget_type=\"heading.default\">\n\t\t\t\t<div class=\"elementor-widget-container\">\n\t\t\t\t\t<h2 class=\"elementor-heading-title elementor-size-default\">A necessidade de <b>investiga\u00e7\u00e3o de implementa\u00e7\u00e3o<\/b><\/h2>\t\t\t\t<\/div>\n\t\t\t\t<\/div>\n\t\t\t\t<div class=\"elementor-element elementor-element-6a10b9a animated-fast elementor-invisible elementor-widget elementor-widget-text-editor\" data-id=\"6a10b9a\" data-element_type=\"widget\" data-e-type=\"widget\" data-settings=\"{&quot;_animation&quot;:&quot;fadeIn&quot;}\" data-widget_type=\"text-editor.default\">\n\t\t\t\t<div class=\"elementor-widget-container\">\n\t\t\t\t\t\t\t\t\t<p>Com as vacinas contra a mal\u00e1ria agora dispon\u00edveis e o aumento da oferta, os pa\u00edses da \u00c1frica Ocidental e Central \u2013 onde a transmiss\u00e3o sazonal \u00e9 intensa \u2013 t\u00eam uma oportunidade crucial para liderar a implementa\u00e7\u00e3o da vacina. O sucesso depender\u00e1 de uma lideran\u00e7a nacional forte, informada por evid\u00eancias locais e apoiada por parcerias coordenadas para garantir que as vacinas chegam \u00e0s crian\u00e7as que mais precisam delas.<\/p>\t\t\t\t\t\t\t\t<\/div>\n\t\t\t\t<\/div>\n\t\t\t\t<\/div>\n\t\t\t\t<\/div>\n\t\t<div class=\"elementor-element elementor-element-10fd450 e-con-full e-flex elementor-invisible e-con e-child\" data-id=\"10fd450\" data-element_type=\"container\" data-e-type=\"container\" data-settings=\"{&quot;background_background&quot;:&quot;classic&quot;,&quot;animation&quot;:&quot;zoomIn&quot;}\">\n\t\t\t\t<div class=\"elementor-element elementor-element-26844cc elementor-widget elementor-widget-heading\" data-id=\"26844cc\" data-element_type=\"widget\" data-e-type=\"widget\" data-widget_type=\"heading.default\">\n\t\t\t\t<div class=\"elementor-widget-container\">\n\t\t\t\t\t<p class=\"elementor-heading-title elementor-size-default\">O desafio<\/p>\t\t\t\t<\/div>\n\t\t\t\t<\/div>\n\t\t<div class=\"elementor-element elementor-element-7c3ce33 e-con-full e-flex e-con e-child\" data-id=\"7c3ce33\" data-element_type=\"container\" data-e-type=\"container\">\n\t\t<div class=\"elementor-element elementor-element-d4b08bd e-con-full e-flex e-con e-child\" data-id=\"d4b08bd\" data-element_type=\"container\" data-e-type=\"container\">\n\t\t\t\t<div class=\"elementor-element elementor-element-54f6489 elementor-widget elementor-widget-text-editor\" data-id=\"54f6489\" data-element_type=\"widget\" data-e-type=\"widget\" data-widget_type=\"text-editor.default\">\n\t\t\t\t<div class=\"elementor-widget-container\">\n\t\t\t\t\t\t\t\t\t<ul role=\"list\"><li>Apesar do seu potencial comprovado, as vacinas contra a mal\u00e1ria enfrentam obst\u00e1culos \u00e0 sua implementa\u00e7\u00e3o. As baixas taxas de imuniza\u00e7\u00e3o de rotina e a nova necessidade de duas consultas adicionais (para admnistra\u00e7\u00e3o desta vaccina) acrescentam desafios log\u00edsticos, mas tamb\u00e9m abrem portas \u00e0 distribui\u00e7\u00e3o de outras vacinas vitais.<\/li><\/ul>\t\t\t\t\t\t\t\t<\/div>\n\t\t\t\t<\/div>\n\t\t\t\t<\/div>\n\t\t<div class=\"elementor-element elementor-element-ddda42a e-con-full e-flex e-con e-child\" data-id=\"ddda42a\" data-element_type=\"container\" data-e-type=\"container\">\n\t\t\t\t<div class=\"elementor-element elementor-element-4a81398 elementor-widget elementor-widget-text-editor\" data-id=\"4a81398\" data-element_type=\"widget\" data-e-type=\"widget\" data-widget_type=\"text-editor.default\">\n\t\t\t\t<div class=\"elementor-widget-container\">\n\t\t\t\t\t\t\t\t\t<ul role=\"list\"><li>Para a concretiza\u00e7\u00e3o deste potencial s\u00e3o necess\u00e1rios profissionais de sa\u00fade comunit\u00e1rios qualificados e uma administra\u00e7\u00e3o personalizada, especialmente em \u00e1reas com transmiss\u00e3o sazonal. Um controlo de seguran\u00e7a mais rigoroso \u00e9 tamb\u00e9m fundamental para responder \u00e0s preocupa\u00e7\u00f5es e refor\u00e7ar a confian\u00e7a do p\u00fablico nas vacinas.<\/li><\/ul>\t\t\t\t\t\t\t\t<\/div>\n\t\t\t\t<\/div>\n\t\t\t\t<\/div>\n\t\t\t\t<\/div>\n\t\t\t\t<\/div>\n\t\t\t\t\t<\/div>\n\t\t\t\t<\/div>\n\t\t<div class=\"elementor-element elementor-element-c642b44 e-flex e-con-boxed e-con e-parent\" data-id=\"c642b44\" data-element_type=\"container\" data-e-type=\"container\">\n\t\t\t\t\t<div class=\"e-con-inner\">\n\t\t\t\t<div class=\"elementor-element elementor-element-c4ade48 elementor-widget elementor-widget-heading\" data-id=\"c4ade48\" data-element_type=\"widget\" data-e-type=\"widget\" data-widget_type=\"heading.default\">\n\t\t\t\t<div class=\"elementor-widget-container\">\n\t\t\t\t\t<h2 class=\"elementor-heading-title elementor-size-default\"><b>Objetivos<\/b> do OPT-MVAC<\/h2>\t\t\t\t<\/div>\n\t\t\t\t<\/div>\n\t\t\t\t<div class=\"elementor-element elementor-element-374ef5a animated-fast elementor-invisible elementor-widget elementor-widget-text-editor\" data-id=\"374ef5a\" data-element_type=\"widget\" data-e-type=\"widget\" data-settings=\"{&quot;_animation&quot;:&quot;fadeIn&quot;}\" data-widget_type=\"text-editor.default\">\n\t\t\t\t<div class=\"elementor-widget-container\">\n\t\t\t\t\t\t\t\t\t<p>O OPT-MVAC apoia a investiga\u00e7\u00e3o de implementa\u00e7\u00e3o liderada por programas nacionais de imuniza\u00e7\u00e3o, mal\u00e1ria e farmacovigil\u00e2ncia para adaptar as estrat\u00e9gias de implementa\u00e7\u00e3o \u00e0s necessidades locais e promover a aprendizagem entre pa\u00edses. Impulsionado pelos programas nacionais, o projecto fornece subs\u00eddios e assist\u00eancia t\u00e9cnica para apoiar a monitoriza\u00e7\u00e3o da cobertura vacinal e o desenvolvimento, a implementa\u00e7\u00e3o e a avalia\u00e7\u00e3o de estrat\u00e9gias para enfrentar desafios como a hesita\u00e7\u00e3o em rela\u00e7\u00e3o \u00e0 vacina\u00e7\u00e3o, as barreiras de acesso e outras lacunas na ades\u00e3o.<\/p>\t\t\t\t\t\t\t\t<\/div>\n\t\t\t\t<\/div>\n\t\t\t\t\t<\/div>\n\t\t\t\t<\/div>\n\t\t<div class=\"elementor-element elementor-element-2e27a1c e-flex e-con-boxed e-con e-parent\" data-id=\"2e27a1c\" data-element_type=\"container\" data-e-type=\"container\">\n\t\t\t\t\t<div class=\"e-con-inner\">\n\t\t<div class=\"elementor-element elementor-element-941a660 e-con-full e-flex e-con e-child\" data-id=\"941a660\" data-element_type=\"container\" data-e-type=\"container\" data-settings=\"{&quot;background_background&quot;:&quot;classic&quot;}\">\n\t\t<div class=\"elementor-element elementor-element-03c7097 e-con-full e-flex e-con e-child\" data-id=\"03c7097\" data-element_type=\"container\" data-e-type=\"container\" data-settings=\"{&quot;background_background&quot;:&quot;classic&quot;}\">\n\t\t\t\t<\/div>\n\t\t<div class=\"elementor-element elementor-element-d71df88 e-con-full e-flex e-con e-child\" data-id=\"d71df88\" data-element_type=\"container\" data-e-type=\"container\">\n\t\t<div class=\"elementor-element elementor-element-1d51019 e-con-full e-flex e-con e-child\" data-id=\"1d51019\" data-element_type=\"container\" data-e-type=\"container\">\n\t\t\t\t<div class=\"elementor-element elementor-element-ad23f6c category-name elementor-widget elementor-widget-heading\" data-id=\"ad23f6c\" data-element_type=\"widget\" data-e-type=\"widget\" data-widget_type=\"heading.default\">\n\t\t\t\t<div class=\"elementor-widget-container\">\n\t\t\t\t\t<div class=\"elementor-heading-title elementor-size-default\">Resources<\/div>\t\t\t\t<\/div>\n\t\t\t\t<\/div>\n\t\t\t\t<div class=\"elementor-element elementor-element-e3fef2a elementor-icon-list--layout-traditional elementor-list-item-link-full_width elementor-widget elementor-widget-icon-list\" data-id=\"e3fef2a\" data-element_type=\"widget\" data-e-type=\"widget\" data-widget_type=\"icon-list.default\">\n\t\t\t\t<div class=\"elementor-widget-container\">\n\t\t\t\t\t\t\t<ul class=\"elementor-icon-list-items\">\n\t\t\t\t\t\t\t<li class=\"elementor-icon-list-item\">\n\t\t\t\t\t\t\t\t\t\t\t<span class=\"elementor-icon-list-icon\">\n\t\t\t\t\t\t\t<svg aria-hidden=\"true\" class=\"e-font-icon-svg e-fas-calendar-alt\" viewBox=\"0 0 448 512\" xmlns=\"http:\/\/www.w3.org\/2000\/svg\"><path d=\"M0 464c0 26.5 21.5 48 48 48h352c26.5 0 48-21.5 48-48V192H0v272zm320-196c0-6.6 5.4-12 12-12h40c6.6 0 12 5.4 12 12v40c0 6.6-5.4 12-12 12h-40c-6.6 0-12-5.4-12-12v-40zm0 128c0-6.6 5.4-12 12-12h40c6.6 0 12 5.4 12 12v40c0 6.6-5.4 12-12 12h-40c-6.6 0-12-5.4-12-12v-40zM192 268c0-6.6 5.4-12 12-12h40c6.6 0 12 5.4 12 12v40c0 6.6-5.4 12-12 12h-40c-6.6 0-12-5.4-12-12v-40zm0 128c0-6.6 5.4-12 12-12h40c6.6 0 12 5.4 12 12v40c0 6.6-5.4 12-12 12h-40c-6.6 0-12-5.4-12-12v-40zM64 268c0-6.6 5.4-12 12-12h40c6.6 0 12 5.4 12 12v40c0 6.6-5.4 12-12 12H76c-6.6 0-12-5.4-12-12v-40zm0 128c0-6.6 5.4-12 12-12h40c6.6 0 12 5.4 12 12v40c0 6.6-5.4 12-12 12H76c-6.6 0-12-5.4-12-12v-40zM400 64h-48V16c0-8.8-7.2-16-16-16h-32c-8.8 0-16 7.2-16 16v48H160V16c0-8.8-7.2-16-16-16h-32c-8.8 0-16 7.2-16 16v48H48C21.5 64 0 85.5 0 112v48h448v-48c0-26.5-21.5-48-48-48z\"><\/path><\/svg>\t\t\t\t\t\t<\/span>\n\t\t\t\t\t\t\t\t\t\t<span class=\"elementor-icon-list-text\">25 April 2025<\/span>\n\t\t\t\t\t\t\t\t\t<\/li>\n\t\t\t\t\t\t<\/ul>\n\t\t\t\t\t\t<\/div>\n\t\t\t\t<\/div>\n\t\t\t\t<\/div>\n\t\t\t\t<div class=\"elementor-element elementor-element-84bf059 elementor-widget elementor-widget-heading\" data-id=\"84bf059\" data-element_type=\"widget\" data-e-type=\"widget\" data-widget_type=\"heading.default\">\n\t\t\t\t<div class=\"elementor-widget-container\">\n\t\t\t\t\t<h3 class=\"elementor-heading-title elementor-size-default\"><a href=\"https:\/\/opt-mvac.org\/wp-content\/uploads\/2025\/11\/infographic_OPTMVAC_PT_20251013.pdf\" target=\"_blank\">Descarregue o infogr\u00e1fico do OPT-MVAC<\/a><\/h3>\t\t\t\t<\/div>\n\t\t\t\t<\/div>\n\t\t\t\t<div class=\"elementor-element elementor-element-84f9f3c read-more-btn elementor-widget elementor-widget-button\" data-id=\"84f9f3c\" data-element_type=\"widget\" data-e-type=\"widget\" data-widget_type=\"button.default\">\n\t\t\t\t<div class=\"elementor-widget-container\">\n\t\t\t\t\t\t\t\t\t<div class=\"elementor-button-wrapper\">\n\t\t\t\t\t<a class=\"elementor-button elementor-button-link elementor-size-sm\" href=\"https:\/\/opt-mvac.org\/wp-content\/uploads\/2025\/11\/infographic_OPTMVAC_PT_20251013.pdf\">\n\t\t\t\t\t\t<span class=\"elementor-button-content-wrapper\">\n\t\t\t\t\t\t<span class=\"elementor-button-icon\">\n\t\t\t\t<svg xmlns=\"http:\/\/www.w3.org\/2000\/svg\" width=\"24\" height=\"16\" viewBox=\"0 0 24 16\"><path d=\"M8,0,6.545,1.455l5.506,5.506H-8V9.039H12.052L6.545,14.545,8,16l8-8Z\" transform=\"translate(8)\" fill=\"currentColor\"><\/path><\/svg>\t\t\t<\/span>\n\t\t\t\t\t\t\t\t\t<span class=\"elementor-button-text\">Saiba mais<\/span>\n\t\t\t\t\t<\/span>\n\t\t\t\t\t<\/a>\n\t\t\t\t<\/div>\n\t\t\t\t\t\t\t\t<\/div>\n\t\t\t\t<\/div>\n\t\t\t\t<\/div>\n\t\t\t\t<\/div>\n\t\t<div class=\"elementor-element elementor-element-c5e10d8 e-con-full e-flex e-con e-child\" data-id=\"c5e10d8\" data-element_type=\"container\" data-e-type=\"container\" data-settings=\"{&quot;background_background&quot;:&quot;classic&quot;}\">\n\t\t<div class=\"elementor-element elementor-element-93c3cfa e-con-full e-flex e-con e-child\" data-id=\"93c3cfa\" data-element_type=\"container\" data-e-type=\"container\" data-settings=\"{&quot;background_background&quot;:&quot;classic&quot;}\">\n\t\t\t\t<\/div>\n\t\t<div class=\"elementor-element elementor-element-09623cb e-con-full e-flex e-con e-child\" data-id=\"09623cb\" data-element_type=\"container\" data-e-type=\"container\">\n\t\t<div class=\"elementor-element elementor-element-3b24af4 e-con-full e-flex e-con e-child\" data-id=\"3b24af4\" data-element_type=\"container\" data-e-type=\"container\">\n\t\t\t\t<div class=\"elementor-element elementor-element-f92faf9 category-name elementor-widget elementor-widget-heading\" data-id=\"f92faf9\" data-element_type=\"widget\" data-e-type=\"widget\" data-widget_type=\"heading.default\">\n\t\t\t\t<div class=\"elementor-widget-container\">\n\t\t\t\t\t<div class=\"elementor-heading-title elementor-size-default\">Resources<\/div>\t\t\t\t<\/div>\n\t\t\t\t<\/div>\n\t\t\t\t<div class=\"elementor-element elementor-element-2e2e9bd elementor-icon-list--layout-traditional elementor-list-item-link-full_width elementor-widget elementor-widget-icon-list\" data-id=\"2e2e9bd\" data-element_type=\"widget\" data-e-type=\"widget\" data-widget_type=\"icon-list.default\">\n\t\t\t\t<div class=\"elementor-widget-container\">\n\t\t\t\t\t\t\t<ul class=\"elementor-icon-list-items\">\n\t\t\t\t\t\t\t<li class=\"elementor-icon-list-item\">\n\t\t\t\t\t\t\t\t\t\t\t<span class=\"elementor-icon-list-icon\">\n\t\t\t\t\t\t\t<svg aria-hidden=\"true\" class=\"e-font-icon-svg e-fas-calendar-alt\" viewBox=\"0 0 448 512\" xmlns=\"http:\/\/www.w3.org\/2000\/svg\"><path d=\"M0 464c0 26.5 21.5 48 48 48h352c26.5 0 48-21.5 48-48V192H0v272zm320-196c0-6.6 5.4-12 12-12h40c6.6 0 12 5.4 12 12v40c0 6.6-5.4 12-12 12h-40c-6.6 0-12-5.4-12-12v-40zm0 128c0-6.6 5.4-12 12-12h40c6.6 0 12 5.4 12 12v40c0 6.6-5.4 12-12 12h-40c-6.6 0-12-5.4-12-12v-40zM192 268c0-6.6 5.4-12 12-12h40c6.6 0 12 5.4 12 12v40c0 6.6-5.4 12-12 12h-40c-6.6 0-12-5.4-12-12v-40zm0 128c0-6.6 5.4-12 12-12h40c6.6 0 12 5.4 12 12v40c0 6.6-5.4 12-12 12h-40c-6.6 0-12-5.4-12-12v-40zM64 268c0-6.6 5.4-12 12-12h40c6.6 0 12 5.4 12 12v40c0 6.6-5.4 12-12 12H76c-6.6 0-12-5.4-12-12v-40zm0 128c0-6.6 5.4-12 12-12h40c6.6 0 12 5.4 12 12v40c0 6.6-5.4 12-12 12H76c-6.6 0-12-5.4-12-12v-40zM400 64h-48V16c0-8.8-7.2-16-16-16h-32c-8.8 0-16 7.2-16 16v48H160V16c0-8.8-7.2-16-16-16h-32c-8.8 0-16 7.2-16 16v48H48C21.5 64 0 85.5 0 112v48h448v-48c0-26.5-21.5-48-48-48z\"><\/path><\/svg>\t\t\t\t\t\t<\/span>\n\t\t\t\t\t\t\t\t\t\t<span class=\"elementor-icon-list-text\">25 April 2025<\/span>\n\t\t\t\t\t\t\t\t\t<\/li>\n\t\t\t\t\t\t<\/ul>\n\t\t\t\t\t\t<\/div>\n\t\t\t\t<\/div>\n\t\t\t\t<\/div>\n\t\t\t\t<div class=\"elementor-element elementor-element-87bae2a elementor-widget elementor-widget-heading\" data-id=\"87bae2a\" data-element_type=\"widget\" data-e-type=\"widget\" data-widget_type=\"heading.default\">\n\t\t\t\t<div class=\"elementor-widget-container\">\n\t\t\t\t\t<h3 class=\"elementor-heading-title elementor-size-default\"><a href=\"https:\/\/opt-mvac.org\/wp-content\/uploads\/2025\/11\/OPT-MVAC_FactSheet_PT.pdf\" target=\"_blank\">Descarregue a ficha informativa do projeto<\/a><\/h3>\t\t\t\t<\/div>\n\t\t\t\t<\/div>\n\t\t\t\t<div class=\"elementor-element elementor-element-bb2fd22 read-more-btn elementor-widget elementor-widget-button\" data-id=\"bb2fd22\" data-element_type=\"widget\" data-e-type=\"widget\" data-widget_type=\"button.default\">\n\t\t\t\t<div class=\"elementor-widget-container\">\n\t\t\t\t\t\t\t\t\t<div class=\"elementor-button-wrapper\">\n\t\t\t\t\t<a class=\"elementor-button elementor-button-link elementor-size-sm\" href=\"https:\/\/opt-mvac.org\/wp-content\/uploads\/2025\/11\/OPT-MVAC_FactSheet_PT.pdf\">\n\t\t\t\t\t\t<span class=\"elementor-button-content-wrapper\">\n\t\t\t\t\t\t<span class=\"elementor-button-icon\">\n\t\t\t\t<svg xmlns=\"http:\/\/www.w3.org\/2000\/svg\" width=\"24\" height=\"16\" viewBox=\"0 0 24 16\"><path d=\"M8,0,6.545,1.455l5.506,5.506H-8V9.039H12.052L6.545,14.545,8,16l8-8Z\" transform=\"translate(8)\" fill=\"currentColor\"><\/path><\/svg>\t\t\t<\/span>\n\t\t\t\t\t\t\t\t\t<span class=\"elementor-button-text\">Saiba mais<\/span>\n\t\t\t\t\t<\/span>\n\t\t\t\t\t<\/a>\n\t\t\t\t<\/div>\n\t\t\t\t\t\t\t\t<\/div>\n\t\t\t\t<\/div>\n\t\t\t\t<\/div>\n\t\t\t\t<\/div>\n\t\t\t\t\t<\/div>\n\t\t\t\t<\/div>\n\t\t\t\t<\/div>\n\t\t","protected":false},"excerpt":{"rendered":"<p>Otimiza\u00e7\u00e3o da ades\u00e3o \u00e0 vacina contra a mal\u00e1ria A implementa\u00e7\u00e3o de vacinas eficazes contra a mal\u00e1ria representa um marco importante na sa\u00fade global, oferecendo uma protec\u00e7\u00e3o vital em \u00e1reas end\u00e9micas todos os anos. Com base no sucesso do Programa de Implementa\u00e7\u00e3o da Vacina contra a Mal\u00e1ria no Gana, Malawi e Qu\u00e9nia \u2014 que demonstrou que, [&hellip;]<\/p>\n","protected":false},"author":2,"featured_media":0,"parent":0,"menu_order":0,"comment_status":"closed","ping_status":"closed","template":"elementor_header_footer","meta":{"footnotes":""},"class_list":["post-872","page","type-page","status-publish","hentry"],"_links":{"self":[{"href":"https:\/\/opt-mvac.org\/pt-pt\/wp-json\/wp\/v2\/pages\/872","targetHints":{"allow":["GET"]}}],"collection":[{"href":"https:\/\/opt-mvac.org\/pt-pt\/wp-json\/wp\/v2\/pages"}],"about":[{"href":"https:\/\/opt-mvac.org\/pt-pt\/wp-json\/wp\/v2\/types\/page"}],"author":[{"embeddable":true,"href":"https:\/\/opt-mvac.org\/pt-pt\/wp-json\/wp\/v2\/users\/2"}],"replies":[{"embeddable":true,"href":"https:\/\/opt-mvac.org\/pt-pt\/wp-json\/wp\/v2\/comments?post=872"}],"version-history":[{"count":12,"href":"https:\/\/opt-mvac.org\/pt-pt\/wp-json\/wp\/v2\/pages\/872\/revisions"}],"predecessor-version":[{"id":1299,"href":"https:\/\/opt-mvac.org\/pt-pt\/wp-json\/wp\/v2\/pages\/872\/revisions\/1299"}],"wp:attachment":[{"href":"https:\/\/opt-mvac.org\/pt-pt\/wp-json\/wp\/v2\/media?parent=872"}],"curies":[{"name":"wp","href":"https:\/\/api.w.org\/{rel}","templated":true}]}}