{"id":870,"date":"2025-10-13T08:38:31","date_gmt":"2025-10-13T08:38:31","guid":{"rendered":"https:\/\/opt-mvac.org\/work-packages\/"},"modified":"2026-03-19T09:52:51","modified_gmt":"2026-03-19T09:52:51","slug":"pacotes-de-trabalho","status":"publish","type":"page","link":"https:\/\/opt-mvac.org\/pt-pt\/pacotes-de-trabalho\/","title":{"rendered":"Pacotes de trabalho"},"content":{"rendered":"\t\t<div data-elementor-type=\"wp-page\" data-elementor-id=\"870\" class=\"elementor elementor-870 elementor-670\" data-elementor-post-type=\"page\">\n\t\t\t\t<div class=\"elementor-element elementor-element-53637c4 e-con-full e-flex e-con e-parent\" data-id=\"53637c4\" data-element_type=\"container\" data-e-type=\"container\" data-settings=\"{&quot;background_background&quot;:&quot;classic&quot;}\">\n\t\t\t\t<\/div>\n\t\t<div class=\"elementor-element elementor-element-c840769 e-flex e-con-boxed e-con e-parent\" data-id=\"c840769\" data-element_type=\"container\" data-e-type=\"container\">\n\t\t\t\t\t<div class=\"e-con-inner\">\n\t\t<div class=\"elementor-element elementor-element-765fb2c e-con-full e-flex e-con e-child\" data-id=\"765fb2c\" data-element_type=\"container\" data-e-type=\"container\">\n\t\t<div class=\"elementor-element elementor-element-ded8c4c e-con-full e-flex e-con e-child\" data-id=\"ded8c4c\" data-element_type=\"container\" data-e-type=\"container\">\n\t\t\t\t<div class=\"elementor-element elementor-element-7d2d4ee animated-fast elementor-invisible elementor-widget elementor-widget-heading\" data-id=\"7d2d4ee\" data-element_type=\"widget\" data-e-type=\"widget\" data-settings=\"{&quot;_animation&quot;:&quot;fadeIn&quot;}\" data-widget_type=\"heading.default\">\n\t\t\t\t<div class=\"elementor-widget-container\">\n\t\t\t\t\t<h2 class=\"elementor-heading-title elementor-size-default\"><b>Os  cinco pacotes de trabalho<\/b> OPT-MVAC<\/h2>\t\t\t\t<\/div>\n\t\t\t\t<\/div>\n\t\t\t\t<div class=\"elementor-element elementor-element-988cd26 elementor-widget elementor-widget-text-editor\" data-id=\"988cd26\" data-element_type=\"widget\" data-e-type=\"widget\" data-widget_type=\"text-editor.default\">\n\t\t\t\t<div class=\"elementor-widget-container\">\n\t\t\t\t\t\t\t\t\t<p>O plano de trabalho do cons\u00f3rcio OPT-MVAC \u00e9 composto por <span style=\"text-decoration: underline;\"><strong>cinco pacotes de trabalho<\/strong><\/span> (WPs) distintos, cada um com objetivos espec\u00edficos relacionados com o projeto e a sua execu\u00e7\u00e3o.<\/p>\t\t\t\t\t\t\t\t<\/div>\n\t\t\t\t<\/div>\n\t\t\t\t<\/div>\n\t\t<div class=\"elementor-element elementor-element-300c25b e-con-full e-flex e-con e-child\" data-id=\"300c25b\" data-element_type=\"container\" data-e-type=\"container\">\n\t\t\t\t<div class=\"elementor-element elementor-element-a7e4899 elementor-widget elementor-widget-heading\" data-id=\"a7e4899\" data-element_type=\"widget\" data-e-type=\"widget\" data-widget_type=\"heading.default\">\n\t\t\t\t<div class=\"elementor-widget-container\">\n\t\t\t\t\t<h3 class=\"elementor-heading-title elementor-size-default\"><a href=\"#wp-1\">Gest\u00e3o do Projeto<\/a><\/h3>\t\t\t\t<\/div>\n\t\t\t\t<\/div>\n\t\t\t\t<div class=\"elementor-element elementor-element-00275f0 elementor-widget elementor-widget-heading\" data-id=\"00275f0\" data-element_type=\"widget\" data-e-type=\"widget\" data-widget_type=\"heading.default\">\n\t\t\t\t<div class=\"elementor-widget-container\">\n\t\t\t\t\t<h3 class=\"elementor-heading-title elementor-size-default\"><a href=\"#wp-2\">Lideran\u00e7a cient\u00edfica, investiga\u00e7\u00e3o de implementa\u00e7\u00e3o, forma\u00e7\u00e3o e desenvolvimento de capacidade de investiga\u00e7\u00e3o<\/a><\/h3>\t\t\t\t<\/div>\n\t\t\t\t<\/div>\n\t\t\t\t<div class=\"elementor-element elementor-element-ee88311 elementor-widget elementor-widget-heading\" data-id=\"ee88311\" data-element_type=\"widget\" data-e-type=\"widget\" data-widget_type=\"heading.default\">\n\t\t\t\t<div class=\"elementor-widget-container\">\n\t\t\t\t\t<h3 class=\"elementor-heading-title elementor-size-default\"><a href=\"#wp-3\">M\u00e9todos epidemiol\u00f3gicos, estat\u00edsticas e gest\u00e3o de dados<\/a><\/h3>\t\t\t\t<\/div>\n\t\t\t\t<\/div>\n\t\t\t\t<div class=\"elementor-element elementor-element-4f87bf4 elementor-widget elementor-widget-heading\" data-id=\"4f87bf4\" data-element_type=\"widget\" data-e-type=\"widget\" data-widget_type=\"heading.default\">\n\t\t\t\t<div class=\"elementor-widget-container\">\n\t\t\t\t\t<h3 class=\"elementor-heading-title elementor-size-default\"><a href=\"#wp-4\">Seguran\u00e7a e farmacovigil\u00e2ncia para as vacinas contra a mal\u00e1ria<\/a><\/h3>\t\t\t\t<\/div>\n\t\t\t\t<\/div>\n\t\t\t\t<div class=\"elementor-element elementor-element-50c297c elementor-widget elementor-widget-heading\" data-id=\"50c297c\" data-element_type=\"widget\" data-e-type=\"widget\" data-widget_type=\"heading.default\">\n\t\t\t\t<div class=\"elementor-widget-container\">\n\t\t\t\t\t<h3 class=\"elementor-heading-title elementor-size-default\"><a href=\"#wp-5\">Comunica\u00e7\u00e3o, dissemina\u00e7\u00e3o e explora\u00e7\u00e3o<\/a><\/h3>\t\t\t\t<\/div>\n\t\t\t\t<\/div>\n\t\t\t\t<\/div>\n\t\t\t\t<\/div>\n\t\t\t\t<div class=\"elementor-element elementor-element-ff41f1f elementor-widget elementor-widget-menu-anchor\" data-id=\"ff41f1f\" data-element_type=\"widget\" data-e-type=\"widget\" data-widget_type=\"menu-anchor.default\">\n\t\t\t\t<div class=\"elementor-widget-container\">\n\t\t\t\t\t\t\t<div class=\"elementor-menu-anchor\" id=\"wp-1\"><\/div>\n\t\t\t\t\t\t<\/div>\n\t\t\t\t<\/div>\n\t\t\t\t<div class=\"elementor-element elementor-element-2bf42e0 animated-fast elementor-invisible elementor-widget elementor-widget-heading\" data-id=\"2bf42e0\" data-element_type=\"widget\" data-e-type=\"widget\" data-settings=\"{&quot;_animation&quot;:&quot;fadeIn&quot;}\" data-widget_type=\"heading.default\">\n\t\t\t\t<div class=\"elementor-widget-container\">\n\t\t\t\t\t<h2 class=\"elementor-heading-title elementor-size-default\"><b>WP 1:<\/b> Gest\u00e3o do Projeto<\/h2>\t\t\t\t<\/div>\n\t\t\t\t<\/div>\n\t\t<div class=\"elementor-element elementor-element-45211d3 e-con-full e-flex e-con e-child\" data-id=\"45211d3\" data-element_type=\"container\" data-e-type=\"container\">\n\t\t<div class=\"elementor-element elementor-element-672d5e0 e-con-full e-flex e-con e-child\" data-id=\"672d5e0\" data-element_type=\"container\" data-e-type=\"container\">\n\t\t\t\t<div class=\"elementor-element elementor-element-59dfc0f elementor-widget elementor-widget-image\" data-id=\"59dfc0f\" data-element_type=\"widget\" data-e-type=\"widget\" data-widget_type=\"image.default\">\n\t\t\t\t<div class=\"elementor-widget-container\">\n\t\t\t\t\t\t\t\t\t\t\t\t\t\t\t<img fetchpriority=\"high\" decoding=\"async\" width=\"800\" height=\"354\" src=\"https:\/\/opt-mvac.org\/wp-content\/uploads\/2025\/10\/banner-publications-1024x453.jpg\" class=\"attachment-large size-large wp-image-720\" alt=\"\" srcset=\"https:\/\/opt-mvac.org\/wp-content\/uploads\/2025\/10\/banner-publications-1024x453.jpg 1024w, https:\/\/opt-mvac.org\/wp-content\/uploads\/2025\/10\/banner-publications-300x133.jpg 300w, https:\/\/opt-mvac.org\/wp-content\/uploads\/2025\/10\/banner-publications-768x340.jpg 768w, https:\/\/opt-mvac.org\/wp-content\/uploads\/2025\/10\/banner-publications-1536x680.jpg 1536w, https:\/\/opt-mvac.org\/wp-content\/uploads\/2025\/10\/banner-publications.jpg 1920w\" sizes=\"(max-width: 800px) 100vw, 800px\" \/>\t\t\t\t\t\t\t\t\t\t\t\t\t\t\t<\/div>\n\t\t\t\t<\/div>\n\t\t\t\t<\/div>\n\t\t<div class=\"elementor-element elementor-element-36151e1 e-con-full e-flex e-con e-child\" data-id=\"36151e1\" data-element_type=\"container\" data-e-type=\"container\">\n\t\t\t\t<div class=\"elementor-element elementor-element-3fcb514 elementor-widget elementor-widget-heading\" data-id=\"3fcb514\" data-element_type=\"widget\" data-e-type=\"widget\" data-widget_type=\"heading.default\">\n\t\t\t\t<div class=\"elementor-widget-container\">\n\t\t\t\t\t<h2 class=\"elementor-heading-title elementor-size-default\">Liderado por Michel Vaillant<\/h2>\t\t\t\t<\/div>\n\t\t\t\t<\/div>\n\t\t\t\t<div class=\"elementor-element elementor-element-85e3204 elementor-widget elementor-widget-heading\" data-id=\"85e3204\" data-element_type=\"widget\" data-e-type=\"widget\" data-widget_type=\"heading.default\">\n\t\t\t\t<div class=\"elementor-widget-container\">\n\t\t\t\t\t<p class=\"elementor-heading-title elementor-size-default\"><a href=\"https:\/\/www.lih.lu\/en\/\" target=\"_blank\">Luxembourg Institute of Health<\/a><\/p>\t\t\t\t<\/div>\n\t\t\t\t<\/div>\n\t\t\t\t<div class=\"elementor-element elementor-element-055bc94 elementor-widget elementor-widget-text-editor\" data-id=\"055bc94\" data-element_type=\"widget\" data-e-type=\"widget\" data-widget_type=\"text-editor.default\">\n\t\t\t\t<div class=\"elementor-widget-container\">\n\t\t\t\t\t\t\t\t\tO WP1 assegurar\u00e1 que os objetivos, marcos e entregas do projeto s\u00e3o alcan\u00e7ados e que o plano de trabalho \u00e9 implementado em conformidade com o Contrato de Subven\u00e7\u00e3o e o Contrato de Cons\u00f3rcio. As responsabilidades incluem o apoio ao projeto em termos de gest\u00e3o financeira, log\u00edstica, comunica\u00e7\u00e3o interna e coordena\u00e7\u00e3o, em conformidade com as normas e procedimentos da Comiss\u00e3o Europeia.\t\t\t\t\t\t\t\t<\/div>\n\t\t\t\t<\/div>\n\t\t\t\t<\/div>\n\t\t\t\t<\/div>\n\t\t\t\t<div class=\"elementor-element elementor-element-b714aeb elementor-widget elementor-widget-menu-anchor\" data-id=\"b714aeb\" data-element_type=\"widget\" data-e-type=\"widget\" data-widget_type=\"menu-anchor.default\">\n\t\t\t\t<div class=\"elementor-widget-container\">\n\t\t\t\t\t\t\t<div class=\"elementor-menu-anchor\" id=\"wp-2\"><\/div>\n\t\t\t\t\t\t<\/div>\n\t\t\t\t<\/div>\n\t\t\t\t<div class=\"elementor-element elementor-element-56f2310 animated-fast elementor-invisible elementor-widget elementor-widget-heading\" data-id=\"56f2310\" data-element_type=\"widget\" data-e-type=\"widget\" data-settings=\"{&quot;_animation&quot;:&quot;fadeIn&quot;}\" data-widget_type=\"heading.default\">\n\t\t\t\t<div class=\"elementor-widget-container\">\n\t\t\t\t\t<h2 class=\"elementor-heading-title elementor-size-default\"><b>WP 2:<\/b> Lideran\u00e7a cient\u00edfica, investiga\u00e7\u00e3o de implementa\u00e7\u00e3o, forma\u00e7\u00e3o e desenvolvimento de capacidade de investiga\u00e7\u00e3o<\/h2>\t\t\t\t<\/div>\n\t\t\t\t<\/div>\n\t\t<div class=\"elementor-element elementor-element-734ea21 e-con-full e-flex e-con e-child\" data-id=\"734ea21\" data-element_type=\"container\" data-e-type=\"container\">\n\t\t<div class=\"elementor-element elementor-element-1bf0b54 e-con-full e-flex e-con e-child\" data-id=\"1bf0b54\" data-element_type=\"container\" data-e-type=\"container\" data-settings=\"{&quot;background_background&quot;:&quot;classic&quot;}\">\n\t\t\t\t<div class=\"elementor-element elementor-element-f5fb246 elementor-widget elementor-widget-heading\" data-id=\"f5fb246\" data-element_type=\"widget\" data-e-type=\"widget\" data-widget_type=\"heading.default\">\n\t\t\t\t<div class=\"elementor-widget-container\">\n\t\t\t\t\t<h2 class=\"elementor-heading-title elementor-size-default\">Liderado por Fatimata Bintou Sall<\/h2>\t\t\t\t<\/div>\n\t\t\t\t<\/div>\n\t\t\t\t<div class=\"elementor-element elementor-element-c179c19 elementor-widget elementor-widget-heading\" data-id=\"c179c19\" data-element_type=\"widget\" data-e-type=\"widget\" data-widget_type=\"heading.default\">\n\t\t\t\t<div class=\"elementor-widget-container\">\n\t\t\t\t\t<p class=\"elementor-heading-title elementor-size-default\"><a href=\"https:\/\/www.uidt.sn\/\"><b><u>Universit\u00e9 Iba Der Thiam de Thi\u00e8s<\/u><\/b><\/a><\/p>\t\t\t\t<\/div>\n\t\t\t\t<\/div>\n\t\t\t\t<div class=\"elementor-element elementor-element-b583eec elementor-widget elementor-widget-text-editor\" data-id=\"b583eec\" data-element_type=\"widget\" data-e-type=\"widget\" data-widget_type=\"text-editor.default\">\n\t\t\t\t<div class=\"elementor-widget-container\">\n\t\t\t\t\t\t\t\t\t<p>Em parceria com a Universidade de Thi\u00e8s, a LSHTM e o OMS-TDR \u2013 Programa Especial de Investiga\u00e7\u00e3o e Forma\u00e7\u00e3o em Doen\u00e7as Tropicais, o WP2 prestar\u00e1 apoio t\u00e9cnico e forma\u00e7\u00e3o para ajudar os pa\u00edses a implementar protocolos de investiga\u00e7\u00e3o concebidos para monitorizar a introdu\u00e7\u00e3o da vacina contra a mal\u00e1ria, identificar barreiras \u00e0 adop\u00e7\u00e3o e desenvolver estrat\u00e9gias de mitiga\u00e7\u00e3o para lidar com potenciais riscos. O WP2 definir\u00e1 as prioridades do projeto e garantir\u00e1 a conformidade com as boas pr\u00e1ticas cl\u00ednicas e as normas internacionais.<\/p>\t\t\t\t\t\t\t\t<\/div>\n\t\t\t\t<\/div>\n\t\t\t\t<\/div>\n\t\t<div class=\"elementor-element elementor-element-6bcd01b e-con-full e-flex e-con e-child\" data-id=\"6bcd01b\" data-element_type=\"container\" data-e-type=\"container\">\n\t\t\t\t<div class=\"elementor-element elementor-element-9b8b140 elementor-widget elementor-widget-image\" data-id=\"9b8b140\" data-element_type=\"widget\" data-e-type=\"widget\" data-widget_type=\"image.default\">\n\t\t\t\t<div class=\"elementor-widget-container\">\n\t\t\t\t\t\t\t\t\t\t\t\t\t\t\t<img decoding=\"async\" width=\"800\" height=\"389\" src=\"https:\/\/opt-mvac.org\/wp-content\/uploads\/2025\/10\/wp-2.jpg\" class=\"attachment-large size-large wp-image-728\" alt=\"\" srcset=\"https:\/\/opt-mvac.org\/wp-content\/uploads\/2025\/10\/wp-2.jpg 962w, https:\/\/opt-mvac.org\/wp-content\/uploads\/2025\/10\/wp-2-300x146.jpg 300w, https:\/\/opt-mvac.org\/wp-content\/uploads\/2025\/10\/wp-2-768x374.jpg 768w\" sizes=\"(max-width: 800px) 100vw, 800px\" \/>\t\t\t\t\t\t\t\t\t\t\t\t\t\t\t<\/div>\n\t\t\t\t<\/div>\n\t\t\t\t<\/div>\n\t\t\t\t<\/div>\n\t\t\t\t<div class=\"elementor-element elementor-element-43b9744 elementor-widget elementor-widget-menu-anchor\" data-id=\"43b9744\" data-element_type=\"widget\" data-e-type=\"widget\" data-widget_type=\"menu-anchor.default\">\n\t\t\t\t<div class=\"elementor-widget-container\">\n\t\t\t\t\t\t\t<div class=\"elementor-menu-anchor\" id=\"wp-3\"><\/div>\n\t\t\t\t\t\t<\/div>\n\t\t\t\t<\/div>\n\t\t\t\t<div class=\"elementor-element elementor-element-988b85a animated-fast elementor-invisible elementor-widget elementor-widget-heading\" data-id=\"988b85a\" data-element_type=\"widget\" data-e-type=\"widget\" data-settings=\"{&quot;_animation&quot;:&quot;fadeIn&quot;}\" data-widget_type=\"heading.default\">\n\t\t\t\t<div class=\"elementor-widget-container\">\n\t\t\t\t\t<h2 class=\"elementor-heading-title elementor-size-default\"><b>WP 3:<\/b> M\u00e9todos epidemiol\u00f3gicos, estat\u00edsticas e gest\u00e3o de dados<\/h2>\t\t\t\t<\/div>\n\t\t\t\t<\/div>\n\t\t<div class=\"elementor-element elementor-element-a3fc9a9 e-con-full e-flex e-con e-child\" data-id=\"a3fc9a9\" data-element_type=\"container\" data-e-type=\"container\">\n\t\t<div class=\"elementor-element elementor-element-ad64ad4 e-con-full e-flex e-con e-child\" data-id=\"ad64ad4\" data-element_type=\"container\" data-e-type=\"container\">\n\t\t\t\t<div class=\"elementor-element elementor-element-4a7ce28 elementor-widget elementor-widget-image\" data-id=\"4a7ce28\" data-element_type=\"widget\" data-e-type=\"widget\" data-widget_type=\"image.default\">\n\t\t\t\t<div class=\"elementor-widget-container\">\n\t\t\t\t\t\t\t\t\t\t\t\t\t\t\t<img decoding=\"async\" width=\"687\" height=\"468\" src=\"https:\/\/opt-mvac.org\/wp-content\/uploads\/2025\/10\/wp-3.jpg\" class=\"attachment-large size-large wp-image-730\" alt=\"\" srcset=\"https:\/\/opt-mvac.org\/wp-content\/uploads\/2025\/10\/wp-3.jpg 687w, https:\/\/opt-mvac.org\/wp-content\/uploads\/2025\/10\/wp-3-300x204.jpg 300w\" sizes=\"(max-width: 687px) 100vw, 687px\" \/>\t\t\t\t\t\t\t\t\t\t\t\t\t\t\t<\/div>\n\t\t\t\t<\/div>\n\t\t\t\t<\/div>\n\t\t<div class=\"elementor-element elementor-element-a037228 e-con-full e-flex e-con e-child\" data-id=\"a037228\" data-element_type=\"container\" data-e-type=\"container\" data-settings=\"{&quot;background_background&quot;:&quot;classic&quot;}\">\n\t\t\t\t<div class=\"elementor-element elementor-element-f5b722b elementor-widget elementor-widget-heading\" data-id=\"f5b722b\" data-element_type=\"widget\" data-e-type=\"widget\" data-widget_type=\"heading.default\">\n\t\t\t\t<div class=\"elementor-widget-container\">\n\t\t\t\t\t<h2 class=\"elementor-heading-title elementor-size-default\">Liderado por Paul Milligan <\/h2>\t\t\t\t<\/div>\n\t\t\t\t<\/div>\n\t\t\t\t<div class=\"elementor-element elementor-element-3fb92d6 elementor-widget elementor-widget-heading\" data-id=\"3fb92d6\" data-element_type=\"widget\" data-e-type=\"widget\" data-widget_type=\"heading.default\">\n\t\t\t\t<div class=\"elementor-widget-container\">\n\t\t\t\t\t<p class=\"elementor-heading-title elementor-size-default\"><a href=\"https:\/\/www.lshtm.ac.uk\/\" target=\"_blank\">London School of Hygiene &amp; Tropical Medicine<\/a><\/p>\t\t\t\t<\/div>\n\t\t\t\t<\/div>\n\t\t\t\t<div class=\"elementor-element elementor-element-72ca59b elementor-widget elementor-widget-text-editor\" data-id=\"72ca59b\" data-element_type=\"widget\" data-e-type=\"widget\" data-widget_type=\"text-editor.default\">\n\t\t\t\t<div class=\"elementor-widget-container\">\n\t\t\t\t\t\t\t\t\t<p>O WP3 ir\u00e1 apoiar a gera\u00e7\u00e3o fi\u00e1vel e atempada de dados para impulsionar melhorias no desempenho da vacina\u00e7\u00e3o. As atividades incluir\u00e3o a harmoniza\u00e7\u00e3o dos m\u00e9todos de monitoriza\u00e7\u00e3o e avalia\u00e7\u00e3o entre os pa\u00edses, de forma a garantir a comparabilidade dos dados, bem como o apoio \u00e0 da recolha de dados e forma \u00e9tica, integridade e qualidade dos mesmos. O apoio a cada pa\u00eds ser\u00e1 prestado presencialmente, por email e WhatsApp, liderado pelos parceiros do LSHTM, com o suporte do LIH, OMS-TDR, UIDT e especialistas em cada pa\u00eds.<\/p>\t\t\t\t\t\t\t\t<\/div>\n\t\t\t\t<\/div>\n\t\t\t\t<\/div>\n\t\t\t\t<\/div>\n\t\t\t\t<div class=\"elementor-element elementor-element-6dd2142 elementor-widget elementor-widget-menu-anchor\" data-id=\"6dd2142\" data-element_type=\"widget\" data-e-type=\"widget\" data-widget_type=\"menu-anchor.default\">\n\t\t\t\t<div class=\"elementor-widget-container\">\n\t\t\t\t\t\t\t<div class=\"elementor-menu-anchor\" id=\"wp-4\"><\/div>\n\t\t\t\t\t\t<\/div>\n\t\t\t\t<\/div>\n\t\t\t\t<div class=\"elementor-element elementor-element-d011f2a animated-fast elementor-invisible elementor-widget elementor-widget-heading\" data-id=\"d011f2a\" data-element_type=\"widget\" data-e-type=\"widget\" data-settings=\"{&quot;_animation&quot;:&quot;fadeIn&quot;}\" data-widget_type=\"heading.default\">\n\t\t\t\t<div class=\"elementor-widget-container\">\n\t\t\t\t\t<h2 class=\"elementor-heading-title elementor-size-default\"><b>WP 4:<\/b> Seguran\u00e7a e farmacovigil\u00e2ncia para as vacinas contra a mal\u00e1ria<\/h2>\t\t\t\t<\/div>\n\t\t\t\t<\/div>\n\t\t<div class=\"elementor-element elementor-element-61ef23b e-con-full e-flex e-con e-child\" data-id=\"61ef23b\" data-element_type=\"container\" data-e-type=\"container\">\n\t\t<div class=\"elementor-element elementor-element-d1bb82c e-con-full e-flex e-con e-child\" data-id=\"d1bb82c\" data-element_type=\"container\" data-e-type=\"container\">\n\t\t\t\t<div class=\"elementor-element elementor-element-fae3173 elementor-widget elementor-widget-heading\" data-id=\"fae3173\" data-element_type=\"widget\" data-e-type=\"widget\" data-widget_type=\"heading.default\">\n\t\t\t\t<div class=\"elementor-widget-container\">\n\t\t\t\t\t<h2 class=\"elementor-heading-title elementor-size-default\">Liderado por Rachida Soulaymani <\/h2>\t\t\t\t<\/div>\n\t\t\t\t<\/div>\n\t\t\t\t<div class=\"elementor-element elementor-element-155c5b6 elementor-widget elementor-widget-heading\" data-id=\"155c5b6\" data-element_type=\"widget\" data-e-type=\"widget\" data-widget_type=\"heading.default\">\n\t\t\t\t<div class=\"elementor-widget-container\">\n\t\t\t\t\t<p class=\"elementor-heading-title elementor-size-default\"><a href=\"https:\/\/www.rcc-pv.org\/\" target=\"_blank\">Rabat Collaborating Centre<\/a><\/p>\t\t\t\t<\/div>\n\t\t\t\t<\/div>\n\t\t\t\t<div class=\"elementor-element elementor-element-2355427 elementor-widget elementor-widget-text-editor\" data-id=\"2355427\" data-element_type=\"widget\" data-e-type=\"widget\" data-widget_type=\"text-editor.default\">\n\t\t\t\t<div class=\"elementor-widget-container\">\n\t\t\t\t\t\t\t\t\tEm colabora\u00e7\u00e3o com todos os parceiros do cons\u00f3rcio, o WP4 ir\u00e1 garantir que a sele\u00e7\u00e3o das vacinas administradas nos pa\u00edses participantes se baseia num balan\u00e7o positivo entre benef\u00edcios e riscos; que os sistemas de farmacovigil\u00e2ncia t\u00eam a capacidade de recolher e analisar dados para antecipar e gerir os riscos; e que os recursos necess\u00e1rios s\u00e3o alocados para apoiar o bom funcionamento das opera\u00e7\u00f5es de farmacovigil\u00e2ncia.\t\t\t\t\t\t\t\t<\/div>\n\t\t\t\t<\/div>\n\t\t\t\t<\/div>\n\t\t<div class=\"elementor-element elementor-element-62535bd e-con-full e-flex e-con e-child\" data-id=\"62535bd\" data-element_type=\"container\" data-e-type=\"container\">\n\t\t\t\t<div class=\"elementor-element elementor-element-ca55457 elementor-widget elementor-widget-image\" data-id=\"ca55457\" data-element_type=\"widget\" data-e-type=\"widget\" data-widget_type=\"image.default\">\n\t\t\t\t<div class=\"elementor-widget-container\">\n\t\t\t\t\t\t\t\t\t\t\t\t\t\t\t<img loading=\"lazy\" decoding=\"async\" width=\"800\" height=\"392\" src=\"https:\/\/opt-mvac.org\/wp-content\/uploads\/2025\/10\/wp-4.jpg\" class=\"attachment-large size-large wp-image-732\" alt=\"\" srcset=\"https:\/\/opt-mvac.org\/wp-content\/uploads\/2025\/10\/wp-4.jpg 955w, https:\/\/opt-mvac.org\/wp-content\/uploads\/2025\/10\/wp-4-300x147.jpg 300w, https:\/\/opt-mvac.org\/wp-content\/uploads\/2025\/10\/wp-4-768x376.jpg 768w\" sizes=\"(max-width: 800px) 100vw, 800px\" \/>\t\t\t\t\t\t\t\t\t\t\t\t\t\t\t<\/div>\n\t\t\t\t<\/div>\n\t\t\t\t<\/div>\n\t\t\t\t<\/div>\n\t\t\t\t<div class=\"elementor-element elementor-element-1d077f6 elementor-widget elementor-widget-menu-anchor\" data-id=\"1d077f6\" data-element_type=\"widget\" data-e-type=\"widget\" data-widget_type=\"menu-anchor.default\">\n\t\t\t\t<div class=\"elementor-widget-container\">\n\t\t\t\t\t\t\t<div class=\"elementor-menu-anchor\" id=\"wp-5\"><\/div>\n\t\t\t\t\t\t<\/div>\n\t\t\t\t<\/div>\n\t\t\t\t<div class=\"elementor-element elementor-element-9071fc7 animated-fast elementor-invisible elementor-widget elementor-widget-heading\" data-id=\"9071fc7\" data-element_type=\"widget\" data-e-type=\"widget\" data-settings=\"{&quot;_animation&quot;:&quot;fadeIn&quot;}\" data-widget_type=\"heading.default\">\n\t\t\t\t<div class=\"elementor-widget-container\">\n\t\t\t\t\t<h2 class=\"elementor-heading-title elementor-size-default\"><b>WP 5:<\/b> Comunica\u00e7\u00e3o, dissemina\u00e7\u00e3o e explora\u00e7\u00e3o<\/h2>\t\t\t\t<\/div>\n\t\t\t\t<\/div>\n\t\t<div class=\"elementor-element elementor-element-68f1f35 e-con-full e-flex e-con e-child\" data-id=\"68f1f35\" data-element_type=\"container\" data-e-type=\"container\">\n\t\t<div class=\"elementor-element elementor-element-50546db e-con-full e-flex e-con e-child\" data-id=\"50546db\" data-element_type=\"container\" data-e-type=\"container\">\n\t\t\t\t<div class=\"elementor-element elementor-element-dd5b687 elementor-widget elementor-widget-image\" data-id=\"dd5b687\" data-element_type=\"widget\" data-e-type=\"widget\" data-widget_type=\"image.default\">\n\t\t\t\t<div class=\"elementor-widget-container\">\n\t\t\t\t\t\t\t\t\t\t\t\t\t\t\t<img loading=\"lazy\" decoding=\"async\" width=\"800\" height=\"348\" src=\"https:\/\/opt-mvac.org\/wp-content\/uploads\/2025\/10\/wp-5-1024x446.jpg\" class=\"attachment-large size-large wp-image-734\" alt=\"\" srcset=\"https:\/\/opt-mvac.org\/wp-content\/uploads\/2025\/10\/wp-5-1024x446.jpg 1024w, https:\/\/opt-mvac.org\/wp-content\/uploads\/2025\/10\/wp-5-300x131.jpg 300w, https:\/\/opt-mvac.org\/wp-content\/uploads\/2025\/10\/wp-5-768x334.jpg 768w, https:\/\/opt-mvac.org\/wp-content\/uploads\/2025\/10\/wp-5.jpg 1075w\" sizes=\"(max-width: 800px) 100vw, 800px\" \/>\t\t\t\t\t\t\t\t\t\t\t\t\t\t\t<\/div>\n\t\t\t\t<\/div>\n\t\t\t\t<\/div>\n\t\t<div class=\"elementor-element elementor-element-2fd7438 e-con-full e-flex e-con e-child\" data-id=\"2fd7438\" data-element_type=\"container\" data-e-type=\"container\">\n\t\t\t\t<div class=\"elementor-element elementor-element-a1e7356 elementor-widget elementor-widget-heading\" data-id=\"a1e7356\" data-element_type=\"widget\" data-e-type=\"widget\" data-widget_type=\"heading.default\">\n\t\t\t\t<div class=\"elementor-widget-container\">\n\t\t\t\t\t<h2 class=\"elementor-heading-title elementor-size-default\">Liderado por Andr\u00e9-Marie Tchouatieu <\/h2>\t\t\t\t<\/div>\n\t\t\t\t<\/div>\n\t\t\t\t<div class=\"elementor-element elementor-element-8aee5af elementor-widget elementor-widget-heading\" data-id=\"8aee5af\" data-element_type=\"widget\" data-e-type=\"widget\" data-widget_type=\"heading.default\">\n\t\t\t\t<div class=\"elementor-widget-container\">\n\t\t\t\t\t<p class=\"elementor-heading-title elementor-size-default\"><a href=\"https:\/\/www.mmv.org\/\" target=\"_blank\">Medicines for Malaria Venture<\/a><\/p>\t\t\t\t<\/div>\n\t\t\t\t<\/div>\n\t\t\t\t<div class=\"elementor-element elementor-element-266e73e elementor-widget elementor-widget-text-editor\" data-id=\"266e73e\" data-element_type=\"widget\" data-e-type=\"widget\" data-widget_type=\"text-editor.default\">\n\t\t\t\t<div class=\"elementor-widget-container\">\n\t\t\t\t\t\t\t\t\tO WP5 ir\u00e1 partilhar informa\u00e7\u00f5es sobre o projecto, o seu progresso e as seus resultados com as principais partes interessadas, bem como desenvolver atividades que promovam o acesso, a cobertura e a confian\u00e7a nas vacinas contra todas as doen\u00e7as infeciosas preven\u00edveis.\t\t\t\t\t\t\t\t<\/div>\n\t\t\t\t<\/div>\n\t\t\t\t<\/div>\n\t\t\t\t<\/div>\n\t\t\t\t\t<\/div>\n\t\t\t\t<\/div>\n\t\t\t\t<\/div>\n\t\t","protected":false},"excerpt":{"rendered":"<p>Os cinco pacotes de trabalho OPT-MVAC O plano de trabalho do cons\u00f3rcio OPT-MVAC \u00e9 composto por cinco pacotes de trabalho (WPs) distintos, cada um com objetivos espec\u00edficos relacionados com o projeto e a sua execu\u00e7\u00e3o. Gest\u00e3o do Projeto Lideran\u00e7a cient\u00edfica, investiga\u00e7\u00e3o de implementa\u00e7\u00e3o, forma\u00e7\u00e3o e desenvolvimento de capacidade de investiga\u00e7\u00e3o M\u00e9todos epidemiol\u00f3gicos, estat\u00edsticas e gest\u00e3o [&hellip;]<\/p>\n","protected":false},"author":2,"featured_media":0,"parent":0,"menu_order":0,"comment_status":"closed","ping_status":"closed","template":"elementor_header_footer","meta":{"footnotes":""},"class_list":["post-870","page","type-page","status-publish","hentry"],"_links":{"self":[{"href":"https:\/\/opt-mvac.org\/pt-pt\/wp-json\/wp\/v2\/pages\/870","targetHints":{"allow":["GET"]}}],"collection":[{"href":"https:\/\/opt-mvac.org\/pt-pt\/wp-json\/wp\/v2\/pages"}],"about":[{"href":"https:\/\/opt-mvac.org\/pt-pt\/wp-json\/wp\/v2\/types\/page"}],"author":[{"embeddable":true,"href":"https:\/\/opt-mvac.org\/pt-pt\/wp-json\/wp\/v2\/users\/2"}],"replies":[{"embeddable":true,"href":"https:\/\/opt-mvac.org\/pt-pt\/wp-json\/wp\/v2\/comments?post=870"}],"version-history":[{"count":28,"href":"https:\/\/opt-mvac.org\/pt-pt\/wp-json\/wp\/v2\/pages\/870\/revisions"}],"predecessor-version":[{"id":2161,"href":"https:\/\/opt-mvac.org\/pt-pt\/wp-json\/wp\/v2\/pages\/870\/revisions\/2161"}],"wp:attachment":[{"href":"https:\/\/opt-mvac.org\/pt-pt\/wp-json\/wp\/v2\/media?parent=870"}],"curies":[{"name":"wp","href":"https:\/\/api.w.org\/{rel}","templated":true}]}}