{"id":1342,"date":"2025-04-01T18:20:17","date_gmt":"2025-04-01T18:20:17","guid":{"rendered":"https:\/\/opt-mvac.org\/privacy-policy\/"},"modified":"2025-11-27T10:20:24","modified_gmt":"2025-11-27T10:20:24","slug":"politica-de-privacidade","status":"publish","type":"page","link":"https:\/\/opt-mvac.org\/pt-pt\/politica-de-privacidade\/","title":{"rendered":"Pol\u00edtica de Privacidade"},"content":{"rendered":"\n<h3 class=\"wp-block-heading\"><strong>Aviso Legal e Privacidade<\/strong><\/h3>\n\n\n\n<p>Recolhemos a quantidade m\u00ednima de informa\u00e7\u00e3o sobre si que seja proporcional \u00e0 presta\u00e7\u00e3o de um servi\u00e7o satisfat\u00f3rio. Esta pol\u00edtica indica os tipos de processos que podem resultar na recolha de dados sobre si. A utiliza\u00e7\u00e3o deste site d\u00e1-nos o direito de recolher essas informa\u00e7\u00f5es.<\/p>\n\n\n\n<p><strong>Informa\u00e7\u00f5es que recolhemos sobre si<\/strong><\/p>\n\n\n\n<p>Poderemos recolher todas ou parte das informa\u00e7\u00f5es que nos forne\u00e7a, dependendo do tipo de transa\u00e7\u00e3o efetuada, incluindo o seu nome, morada, n\u00famero de telefone e endere\u00e7o de e-mail, bem como dados sobre a sua utiliza\u00e7\u00e3o do website. Outras informa\u00e7\u00f5es que possam ser necess\u00e1rias ocasionalmente para processar um pedido tamb\u00e9m podem ser recolhidas, conforme indicado no website.<\/p>\n\n\n\n<p><strong>Utiliza\u00e7\u00e3o das informa\u00e7\u00f5es<\/strong><\/p>\n\n\n\n<p>Utilizamos as informa\u00e7\u00f5es recolhidas principalmente para processar a tarefa para a qual visitou o website. Os dados recolhidos no Reino Unido s\u00e3o conservados de acordo com a legisla\u00e7\u00e3o de prote\u00e7\u00e3o de dados. Todas as precau\u00e7\u00f5es razo\u00e1veis \u200b\u200bs\u00e3o tomadas para evitar o acesso n\u00e3o autorizado a estas informa\u00e7\u00f5es. Esta prote\u00e7\u00e3o pode exigir que forne\u00e7a formas adicionais de identifica\u00e7\u00e3o, caso pretenda obter informa\u00e7\u00f5es sobre os dados da sua conta.<\/p>\n\n\n\n<p><strong>Cookies<\/strong><\/p>\n\n\n\n<p>Os cookies s\u00e3o pequenos ficheiros de texto que um website pode colocar no seu computador ou dispositivo m\u00f3vel quando visita um website ou p\u00e1gina pela primeira vez. O cookie ajudar\u00e1 o site, ou outro site, a reconhecer o seu dispositivo na pr\u00f3xima vez que o visitar.<\/p>\n\n\n\n<p>O uso de cookies ajuda-nos a fornecer um website melhor, permitindo-nos monitorizar quais as p\u00e1ginas que considera \u00fateis e quais n\u00e3o. Um cookie n\u00e3o nos d\u00e1 acesso ao seu computador ou a qualquer informa\u00e7\u00e3o sobre si, para al\u00e9m dos dados que optar por partilhar connosco.<\/p>\n\n\n\n<p>Pode impedir que o seu computador aceite cookies; no entanto, se o fizer, algumas funcionalidades do site poder\u00e3o ser prejudicadas.<\/p>\n","protected":false},"excerpt":{"rendered":"<p>Aviso Legal e Privacidade Recolhemos a quantidade m\u00ednima de informa\u00e7\u00e3o sobre si que seja proporcional \u00e0 presta\u00e7\u00e3o de um servi\u00e7o satisfat\u00f3rio. Esta pol\u00edtica indica os tipos de processos que podem resultar na recolha de dados sobre si. A utiliza\u00e7\u00e3o deste site d\u00e1-nos o direito de recolher essas informa\u00e7\u00f5es. Informa\u00e7\u00f5es que recolhemos sobre si Poderemos recolher [&hellip;]<\/p>\n","protected":false},"author":2,"featured_media":0,"parent":0,"menu_order":0,"comment_status":"closed","ping_status":"open","template":"","meta":{"footnotes":""},"class_list":["post-1342","page","type-page","status-publish","hentry"],"_links":{"self":[{"href":"https:\/\/opt-mvac.org\/pt-pt\/wp-json\/wp\/v2\/pages\/1342","targetHints":{"allow":["GET"]}}],"collection":[{"href":"https:\/\/opt-mvac.org\/pt-pt\/wp-json\/wp\/v2\/pages"}],"about":[{"href":"https:\/\/opt-mvac.org\/pt-pt\/wp-json\/wp\/v2\/types\/page"}],"author":[{"embeddable":true,"href":"https:\/\/opt-mvac.org\/pt-pt\/wp-json\/wp\/v2\/users\/2"}],"replies":[{"embeddable":true,"href":"https:\/\/opt-mvac.org\/pt-pt\/wp-json\/wp\/v2\/comments?post=1342"}],"version-history":[{"count":2,"href":"https:\/\/opt-mvac.org\/pt-pt\/wp-json\/wp\/v2\/pages\/1342\/revisions"}],"predecessor-version":[{"id":1387,"href":"https:\/\/opt-mvac.org\/pt-pt\/wp-json\/wp\/v2\/pages\/1342\/revisions\/1387"}],"wp:attachment":[{"href":"https:\/\/opt-mvac.org\/pt-pt\/wp-json\/wp\/v2\/media?parent=1342"}],"curies":[{"name":"wp","href":"https:\/\/api.w.org\/{rel}","templated":true}]}}