{"id":871,"date":"2025-10-13T10:30:27","date_gmt":"2025-10-13T10:30:27","guid":{"rendered":"https:\/\/opt-mvac.org\/about\/"},"modified":"2025-11-26T20:46:09","modified_gmt":"2025-11-26T20:46:09","slug":"a-propos","status":"publish","type":"page","link":"https:\/\/opt-mvac.org\/fr\/a-propos\/","title":{"rendered":"\u00c0 propos"},"content":{"rendered":"\t\t<div data-elementor-type=\"wp-page\" data-elementor-id=\"871\" class=\"elementor elementor-871 elementor-680\" data-elementor-post-type=\"page\">\n\t\t\t\t<div class=\"elementor-element elementor-element-3af4879 e-con-full e-flex e-con e-parent\" data-id=\"3af4879\" data-element_type=\"container\" data-e-type=\"container\" data-settings=\"{&quot;background_background&quot;:&quot;classic&quot;}\">\n\t\t\t\t<\/div>\n\t\t<div class=\"elementor-element elementor-element-c7d4db7 e-flex e-con-boxed e-con e-parent\" data-id=\"c7d4db7\" data-element_type=\"container\" data-e-type=\"container\">\n\t\t\t\t\t<div class=\"e-con-inner\">\n\t\t<div class=\"elementor-element elementor-element-94d2944 e-con-full e-flex e-con e-child\" data-id=\"94d2944\" data-element_type=\"container\" data-e-type=\"container\">\n\t\t<div class=\"elementor-element elementor-element-8f27d49 e-con-full e-flex e-con e-child\" data-id=\"8f27d49\" data-element_type=\"container\" data-e-type=\"container\">\n\t\t\t\t<div class=\"elementor-element elementor-element-584c9de animated-fast elementor-invisible elementor-widget elementor-widget-heading\" data-id=\"584c9de\" data-element_type=\"widget\" data-e-type=\"widget\" data-settings=\"{&quot;_animation&quot;:&quot;fadeIn&quot;}\" data-widget_type=\"heading.default\">\n\t\t\t\t<div class=\"elementor-widget-container\">\n\t\t\t\t\t<h2 class=\"elementor-heading-title elementor-size-default\">Optimiser <b>la vaccination contre le paludisme<\/b><\/h2>\t\t\t\t<\/div>\n\t\t\t\t<\/div>\n\t\t\t\t<div class=\"elementor-element elementor-element-b9aadbd animated-fast elementor-invisible elementor-widget elementor-widget-text-editor\" data-id=\"b9aadbd\" data-element_type=\"widget\" data-e-type=\"widget\" data-settings=\"{&quot;_animation&quot;:&quot;fadeIn&quot;}\" data-widget_type=\"text-editor.default\">\n\t\t\t\t<div class=\"elementor-widget-container\">\n\t\t\t\t\t\t\t\t\t<p>Le d\u00e9ploiement de vaccins antipaludiques efficaces marque une \u00e9tape majeure pour la sant\u00e9 mondiale, offrant chaque ann\u00e9e une protection vitale dans les zones d&rsquo;end\u00e9mie. Forte du succ\u00e8s du Programme de mise en \u0153uvre de vaccins antipaludiques au Ghana, au Malawi et au Kenya \u2013 qui <strong>a d\u00e9montr\u00e9 sur une p\u00e9riode de quatre ans, qu\u2019environ un d\u00e9c\u00e8s sur huit, toutes causes confondues, a \u00e9t\u00e9 \u00e9vit\u00e9 chez les jeunes enfants \u00e9ligibles au vaccin RTS,S <\/strong>\u2013 l&rsquo;Organisation mondiale de la Sant\u00e9 (OMS) a approuv\u00e9 le vaccin RTS,S en 2021.<\/p><p>En 2023, l&rsquo;OMS a \u00e9galement recommand\u00e9 le vaccin R21\/Matrix-M. Ces deux vaccins antipaludiques se sont av\u00e9r\u00e9s s\u00fbrs et efficaces, r\u00e9duisant les cas de paludisme de plus de 50 % au cours de la premi\u00e8re ann\u00e9e suivant la vaccination \u2013 une p\u00e9riode critique o\u00f9 les enfants sont les plus expos\u00e9s au risque de paludisme grave et de d\u00e9c\u00e8s.<\/p>\t\t\t\t\t\t\t\t<\/div>\n\t\t\t\t<\/div>\n\t\t\t\t<\/div>\n\t\t<div class=\"elementor-element elementor-element-fbe8903 e-con-full e-flex e-con e-child\" data-id=\"fbe8903\" data-element_type=\"container\" data-e-type=\"container\">\n\t\t\t\t<div class=\"elementor-element elementor-element-38324ca animated-fast elementor-invisible elementor-widget elementor-widget-image\" data-id=\"38324ca\" data-element_type=\"widget\" data-e-type=\"widget\" data-settings=\"{&quot;_animation&quot;:&quot;fadeInRight&quot;}\" data-widget_type=\"image.default\">\n\t\t\t\t<div class=\"elementor-widget-container\">\n\t\t\t\t\t\t\t\t\t\t\t\t\t\t\t<img fetchpriority=\"high\" decoding=\"async\" width=\"685\" height=\"552\" src=\"https:\/\/opt-mvac.org\/wp-content\/uploads\/2025\/10\/about-1.jpg\" class=\"attachment-large size-large wp-image-708\" alt=\"\" srcset=\"https:\/\/opt-mvac.org\/wp-content\/uploads\/2025\/10\/about-1.jpg 685w, https:\/\/opt-mvac.org\/wp-content\/uploads\/2025\/10\/about-1-300x242.jpg 300w\" sizes=\"(max-width: 685px) 100vw, 685px\" \/>\t\t\t\t\t\t\t\t\t\t\t\t\t\t\t<\/div>\n\t\t\t\t<\/div>\n\t\t\t\t<\/div>\n\t\t\t\t<\/div>\n\t\t<div class=\"elementor-element elementor-element-3c50d7c e-con-full e-flex e-con e-child\" data-id=\"3c50d7c\" data-element_type=\"container\" data-e-type=\"container\">\n\t\t<div class=\"elementor-element elementor-element-7be1d30 e-con-full e-flex e-con e-child\" data-id=\"7be1d30\" data-element_type=\"container\" data-e-type=\"container\">\n\t\t\t\t<div class=\"elementor-element elementor-element-4c9e441 animated-fast elementor-invisible elementor-widget elementor-widget-image\" data-id=\"4c9e441\" data-element_type=\"widget\" data-e-type=\"widget\" data-settings=\"{&quot;_animation&quot;:&quot;fadeInLeft&quot;}\" data-widget_type=\"image.default\">\n\t\t\t\t<div class=\"elementor-widget-container\">\n\t\t\t\t\t\t\t\t\t\t\t\t\t\t\t<img decoding=\"async\" width=\"685\" height=\"548\" src=\"https:\/\/opt-mvac.org\/wp-content\/uploads\/2025\/10\/about-2.jpg\" class=\"attachment-large size-large wp-image-710\" alt=\"\" srcset=\"https:\/\/opt-mvac.org\/wp-content\/uploads\/2025\/10\/about-2.jpg 685w, https:\/\/opt-mvac.org\/wp-content\/uploads\/2025\/10\/about-2-300x240.jpg 300w\" sizes=\"(max-width: 685px) 100vw, 685px\" \/>\t\t\t\t\t\t\t\t\t\t\t\t\t\t\t<\/div>\n\t\t\t\t<\/div>\n\t\t\t\t<\/div>\n\t\t<div class=\"elementor-element elementor-element-d570abc e-con-full e-flex e-con e-child\" data-id=\"d570abc\" data-element_type=\"container\" data-e-type=\"container\">\n\t\t\t\t<div class=\"elementor-element elementor-element-adb5d25 animated-fast elementor-invisible elementor-widget elementor-widget-heading\" data-id=\"adb5d25\" data-element_type=\"widget\" data-e-type=\"widget\" data-settings=\"{&quot;_animation&quot;:&quot;fadeIn&quot;}\" data-widget_type=\"heading.default\">\n\t\t\t\t<div class=\"elementor-widget-container\">\n\t\t\t\t\t<h2 class=\"elementor-heading-title elementor-size-default\">La n\u00e9cessit\u00e9 de <b>recherches sur la mise en \u0153uvre<\/b><\/h2>\t\t\t\t<\/div>\n\t\t\t\t<\/div>\n\t\t\t\t<div class=\"elementor-element elementor-element-6a10b9a animated-fast elementor-invisible elementor-widget elementor-widget-text-editor\" data-id=\"6a10b9a\" data-element_type=\"widget\" data-e-type=\"widget\" data-settings=\"{&quot;_animation&quot;:&quot;fadeIn&quot;}\" data-widget_type=\"text-editor.default\">\n\t\t\t\t<div class=\"elementor-widget-container\">\n\t\t\t\t\t\t\t\t\t<p>Avec la mise \u00e0 disposition croissante des vaccins antipaludiques et l&rsquo;augmentation de leur approvisionnement, les pays d&rsquo;Afrique de l&rsquo;Ouest et d&rsquo;Afrique centrale, o\u00f9 la transmission saisonni\u00e8re est intense, ont une opportunit\u00e9 de montrer la voie en mati\u00e8re de d\u00e9ploiement vaccinal. Le succ\u00e8s d\u00e9pendra d&rsquo;un leadership national fort, renseign\u00e9 par des donn\u00e9es probantes locales et soutenu par des partenariats coordonn\u00e9s, afin de garantir que les vaccins parviennent aux enfants qui en ont le plus besoin.<\/p>\t\t\t\t\t\t\t\t<\/div>\n\t\t\t\t<\/div>\n\t\t\t\t<\/div>\n\t\t\t\t<\/div>\n\t\t<div class=\"elementor-element elementor-element-10fd450 e-con-full e-flex elementor-invisible e-con e-child\" data-id=\"10fd450\" data-element_type=\"container\" data-e-type=\"container\" data-settings=\"{&quot;background_background&quot;:&quot;classic&quot;,&quot;animation&quot;:&quot;zoomIn&quot;}\">\n\t\t\t\t<div class=\"elementor-element elementor-element-26844cc elementor-widget elementor-widget-heading\" data-id=\"26844cc\" data-element_type=\"widget\" data-e-type=\"widget\" data-widget_type=\"heading.default\">\n\t\t\t\t<div class=\"elementor-widget-container\">\n\t\t\t\t\t<p class=\"elementor-heading-title elementor-size-default\">Le d\u00e9fi<\/p>\t\t\t\t<\/div>\n\t\t\t\t<\/div>\n\t\t<div class=\"elementor-element elementor-element-7c3ce33 e-con-full e-flex e-con e-child\" data-id=\"7c3ce33\" data-element_type=\"container\" data-e-type=\"container\">\n\t\t<div class=\"elementor-element elementor-element-d4b08bd e-con-full e-flex e-con e-child\" data-id=\"d4b08bd\" data-element_type=\"container\" data-e-type=\"container\">\n\t\t\t\t<div class=\"elementor-element elementor-element-54f6489 elementor-widget elementor-widget-text-editor\" data-id=\"54f6489\" data-element_type=\"widget\" data-e-type=\"widget\" data-widget_type=\"text-editor.default\">\n\t\t\t\t<div class=\"elementor-widget-container\">\n\t\t\t\t\t\t\t\t\t<ul role=\"list\"><li>Malgr\u00e9 leur potentiel av\u00e9r\u00e9, les vaccins antipaludiques se heurtent \u00e0 des obstacles majeurs \u00e0 leur mise en \u0153uvre. Les faibles taux de vaccination syst\u00e9matique et la n\u00e9cessit\u00e9 de deux visites suppl\u00e9mentaires ajoutent des d\u00e9fis logistiques, mais ouvrent \u00e9galement la voie \u00e0 la distribution d&rsquo;autres vaccins essentiels.<\/li><\/ul>\t\t\t\t\t\t\t\t<\/div>\n\t\t\t\t<\/div>\n\t\t\t\t<\/div>\n\t\t<div class=\"elementor-element elementor-element-ddda42a e-con-full e-flex e-con e-child\" data-id=\"ddda42a\" data-element_type=\"container\" data-e-type=\"container\">\n\t\t\t\t<div class=\"elementor-element elementor-element-4a81398 elementor-widget elementor-widget-text-editor\" data-id=\"4a81398\" data-element_type=\"widget\" data-e-type=\"widget\" data-widget_type=\"text-editor.default\">\n\t\t\t\t<div class=\"elementor-widget-container\">\n\t\t\t\t\t\t\t\t\t<ul role=\"list\"><li>Lib\u00e9rer ce potentiel n\u00e9cessite des agents de sant\u00e9 communautaires form\u00e9s et une distribution adapt\u00e9e, notamment dans les zones de transmission saisonni\u00e8re. Un contr\u00f4le renforc\u00e9 de la s\u00e9curit\u00e9 est \u00e9galement essentiel pour r\u00e9pondre aux inqui\u00e9tudes et renforcer la confiance du public dans les vaccins.<\/li><\/ul>\t\t\t\t\t\t\t\t<\/div>\n\t\t\t\t<\/div>\n\t\t\t\t<\/div>\n\t\t\t\t<\/div>\n\t\t\t\t<\/div>\n\t\t\t\t\t<\/div>\n\t\t\t\t<\/div>\n\t\t<div class=\"elementor-element elementor-element-c642b44 e-flex e-con-boxed e-con e-parent\" data-id=\"c642b44\" data-element_type=\"container\" data-e-type=\"container\">\n\t\t\t\t\t<div class=\"e-con-inner\">\n\t\t\t\t<div class=\"elementor-element elementor-element-c4ade48 elementor-widget elementor-widget-heading\" data-id=\"c4ade48\" data-element_type=\"widget\" data-e-type=\"widget\" data-widget_type=\"heading.default\">\n\t\t\t\t<div class=\"elementor-widget-container\">\n\t\t\t\t\t<h2 class=\"elementor-heading-title elementor-size-default\"><b>Objectifs du programme<\/b> OPT-MVAC<\/h2>\t\t\t\t<\/div>\n\t\t\t\t<\/div>\n\t\t\t\t<div class=\"elementor-element elementor-element-374ef5a animated-fast elementor-invisible elementor-widget elementor-widget-text-editor\" data-id=\"374ef5a\" data-element_type=\"widget\" data-e-type=\"widget\" data-settings=\"{&quot;_animation&quot;:&quot;fadeIn&quot;}\" data-widget_type=\"text-editor.default\">\n\t\t\t\t<div class=\"elementor-widget-container\">\n\t\t\t\t\t\t\t\t\t<p>Le projet OPT-MVAC soutient la recherche de mise en \u0153uvre men\u00e9e par les programmes nationaux de vaccination, de lutte contre le paludisme et de pharmacovigilance afin d&rsquo;adapter les strat\u00e9gies de vaccination aux besoins locaux et de favoriser l&rsquo;apprentissage entre les pays. Soutenu par les programmes nationaux, le projet octroie des subventions et une assistance technique pour soutenir le suivi de la couverture vaccinale ainsi que l&rsquo;\u00e9laboration, la mise en \u0153uvre et l&rsquo;\u00e9valuation de strat\u00e9gies visant \u00e0 relever des d\u00e9fis tels que la r\u00e9ticence \u00e0 la vaccination, les obstacles \u00e0 l&rsquo;acc\u00e8s et autres lacunes emp\u00eachant la mise \u00e0 \u00e9chelle.<\/p>\t\t\t\t\t\t\t\t<\/div>\n\t\t\t\t<\/div>\n\t\t\t\t\t<\/div>\n\t\t\t\t<\/div>\n\t\t<div class=\"elementor-element elementor-element-6c955a7 e-flex e-con-boxed e-con e-parent\" data-id=\"6c955a7\" data-element_type=\"container\" data-e-type=\"container\">\n\t\t\t\t\t<div class=\"e-con-inner\">\n\t\t<div class=\"elementor-element elementor-element-3a166c6 e-con-full e-flex e-con e-child\" data-id=\"3a166c6\" data-element_type=\"container\" data-e-type=\"container\" data-settings=\"{&quot;background_background&quot;:&quot;classic&quot;}\">\n\t\t<div class=\"elementor-element elementor-element-0b5a0eb e-con-full e-flex e-con e-child\" data-id=\"0b5a0eb\" data-element_type=\"container\" data-e-type=\"container\" data-settings=\"{&quot;background_background&quot;:&quot;classic&quot;}\">\n\t\t\t\t<\/div>\n\t\t<div class=\"elementor-element elementor-element-911c254 e-con-full e-flex e-con e-child\" data-id=\"911c254\" data-element_type=\"container\" data-e-type=\"container\">\n\t\t<div class=\"elementor-element elementor-element-5047919 e-con-full e-flex e-con e-child\" data-id=\"5047919\" data-element_type=\"container\" data-e-type=\"container\">\n\t\t\t\t<div class=\"elementor-element elementor-element-69ee155 category-name elementor-widget elementor-widget-heading\" data-id=\"69ee155\" data-element_type=\"widget\" data-e-type=\"widget\" data-widget_type=\"heading.default\">\n\t\t\t\t<div class=\"elementor-widget-container\">\n\t\t\t\t\t<div class=\"elementor-heading-title elementor-size-default\">Resources<\/div>\t\t\t\t<\/div>\n\t\t\t\t<\/div>\n\t\t\t\t<div class=\"elementor-element elementor-element-38866e0 elementor-icon-list--layout-traditional elementor-list-item-link-full_width elementor-widget elementor-widget-icon-list\" data-id=\"38866e0\" data-element_type=\"widget\" data-e-type=\"widget\" data-widget_type=\"icon-list.default\">\n\t\t\t\t<div class=\"elementor-widget-container\">\n\t\t\t\t\t\t\t<ul class=\"elementor-icon-list-items\">\n\t\t\t\t\t\t\t<li class=\"elementor-icon-list-item\">\n\t\t\t\t\t\t\t\t\t\t\t<span class=\"elementor-icon-list-icon\">\n\t\t\t\t\t\t\t<svg aria-hidden=\"true\" class=\"e-font-icon-svg e-fas-calendar-alt\" viewBox=\"0 0 448 512\" xmlns=\"http:\/\/www.w3.org\/2000\/svg\"><path d=\"M0 464c0 26.5 21.5 48 48 48h352c26.5 0 48-21.5 48-48V192H0v272zm320-196c0-6.6 5.4-12 12-12h40c6.6 0 12 5.4 12 12v40c0 6.6-5.4 12-12 12h-40c-6.6 0-12-5.4-12-12v-40zm0 128c0-6.6 5.4-12 12-12h40c6.6 0 12 5.4 12 12v40c0 6.6-5.4 12-12 12h-40c-6.6 0-12-5.4-12-12v-40zM192 268c0-6.6 5.4-12 12-12h40c6.6 0 12 5.4 12 12v40c0 6.6-5.4 12-12 12h-40c-6.6 0-12-5.4-12-12v-40zm0 128c0-6.6 5.4-12 12-12h40c6.6 0 12 5.4 12 12v40c0 6.6-5.4 12-12 12h-40c-6.6 0-12-5.4-12-12v-40zM64 268c0-6.6 5.4-12 12-12h40c6.6 0 12 5.4 12 12v40c0 6.6-5.4 12-12 12H76c-6.6 0-12-5.4-12-12v-40zm0 128c0-6.6 5.4-12 12-12h40c6.6 0 12 5.4 12 12v40c0 6.6-5.4 12-12 12H76c-6.6 0-12-5.4-12-12v-40zM400 64h-48V16c0-8.8-7.2-16-16-16h-32c-8.8 0-16 7.2-16 16v48H160V16c0-8.8-7.2-16-16-16h-32c-8.8 0-16 7.2-16 16v48H48C21.5 64 0 85.5 0 112v48h448v-48c0-26.5-21.5-48-48-48z\"><\/path><\/svg>\t\t\t\t\t\t<\/span>\n\t\t\t\t\t\t\t\t\t\t<span class=\"elementor-icon-list-text\">25 April 2025<\/span>\n\t\t\t\t\t\t\t\t\t<\/li>\n\t\t\t\t\t\t<\/ul>\n\t\t\t\t\t\t<\/div>\n\t\t\t\t<\/div>\n\t\t\t\t<\/div>\n\t\t\t\t<div class=\"elementor-element elementor-element-f88a135 elementor-widget elementor-widget-heading\" data-id=\"f88a135\" data-element_type=\"widget\" data-e-type=\"widget\" data-widget_type=\"heading.default\">\n\t\t\t\t<div class=\"elementor-widget-container\">\n\t\t\t\t\t<h3 class=\"elementor-heading-title elementor-size-default\"><a href=\"https:\/\/opt-mvac.org\/wp-content\/uploads\/2025\/11\/infographic_OPTMVAC_FR_20251013.pdf\" target=\"_blank\">T\u00e9l\u00e9chargez l'infographie OPT-MVAC<\/a><\/h3>\t\t\t\t<\/div>\n\t\t\t\t<\/div>\n\t\t\t\t<div class=\"elementor-element elementor-element-2ebc33d read-more-btn elementor-widget elementor-widget-button\" data-id=\"2ebc33d\" data-element_type=\"widget\" data-e-type=\"widget\" data-widget_type=\"button.default\">\n\t\t\t\t<div class=\"elementor-widget-container\">\n\t\t\t\t\t\t\t\t\t<div class=\"elementor-button-wrapper\">\n\t\t\t\t\t<a class=\"elementor-button elementor-button-link elementor-size-sm\" href=\"https:\/\/opt-mvac.org\/wp-content\/uploads\/2025\/11\/infographic_OPTMVAC_FR_20251013.pdf\">\n\t\t\t\t\t\t<span class=\"elementor-button-content-wrapper\">\n\t\t\t\t\t\t<span class=\"elementor-button-icon\">\n\t\t\t\t<svg xmlns=\"http:\/\/www.w3.org\/2000\/svg\" width=\"24\" height=\"16\" viewBox=\"0 0 24 16\"><path d=\"M8,0,6.545,1.455l5.506,5.506H-8V9.039H12.052L6.545,14.545,8,16l8-8Z\" transform=\"translate(8)\" fill=\"currentColor\"><\/path><\/svg>\t\t\t<\/span>\n\t\t\t\t\t\t\t\t\t<span class=\"elementor-button-text\">En savoir plus<\/span>\n\t\t\t\t\t<\/span>\n\t\t\t\t\t<\/a>\n\t\t\t\t<\/div>\n\t\t\t\t\t\t\t\t<\/div>\n\t\t\t\t<\/div>\n\t\t\t\t<\/div>\n\t\t\t\t<\/div>\n\t\t<div class=\"elementor-element elementor-element-e623446 e-con-full e-flex e-con e-child\" data-id=\"e623446\" data-element_type=\"container\" data-e-type=\"container\" data-settings=\"{&quot;background_background&quot;:&quot;classic&quot;}\">\n\t\t<div class=\"elementor-element elementor-element-a73f68d e-con-full e-flex e-con e-child\" data-id=\"a73f68d\" data-element_type=\"container\" data-e-type=\"container\" data-settings=\"{&quot;background_background&quot;:&quot;classic&quot;}\">\n\t\t\t\t<\/div>\n\t\t<div class=\"elementor-element elementor-element-a1d993c e-con-full e-flex e-con e-child\" data-id=\"a1d993c\" data-element_type=\"container\" data-e-type=\"container\">\n\t\t<div class=\"elementor-element elementor-element-c6bebf8 e-con-full e-flex e-con e-child\" data-id=\"c6bebf8\" data-element_type=\"container\" data-e-type=\"container\">\n\t\t\t\t<div class=\"elementor-element elementor-element-13b2a0e category-name elementor-widget elementor-widget-heading\" data-id=\"13b2a0e\" data-element_type=\"widget\" data-e-type=\"widget\" data-widget_type=\"heading.default\">\n\t\t\t\t<div class=\"elementor-widget-container\">\n\t\t\t\t\t<div class=\"elementor-heading-title elementor-size-default\">Resources<\/div>\t\t\t\t<\/div>\n\t\t\t\t<\/div>\n\t\t\t\t<div class=\"elementor-element elementor-element-202563e elementor-icon-list--layout-traditional elementor-list-item-link-full_width elementor-widget elementor-widget-icon-list\" data-id=\"202563e\" data-element_type=\"widget\" data-e-type=\"widget\" data-widget_type=\"icon-list.default\">\n\t\t\t\t<div class=\"elementor-widget-container\">\n\t\t\t\t\t\t\t<ul class=\"elementor-icon-list-items\">\n\t\t\t\t\t\t\t<li class=\"elementor-icon-list-item\">\n\t\t\t\t\t\t\t\t\t\t\t<span class=\"elementor-icon-list-icon\">\n\t\t\t\t\t\t\t<svg aria-hidden=\"true\" class=\"e-font-icon-svg e-fas-calendar-alt\" viewBox=\"0 0 448 512\" xmlns=\"http:\/\/www.w3.org\/2000\/svg\"><path d=\"M0 464c0 26.5 21.5 48 48 48h352c26.5 0 48-21.5 48-48V192H0v272zm320-196c0-6.6 5.4-12 12-12h40c6.6 0 12 5.4 12 12v40c0 6.6-5.4 12-12 12h-40c-6.6 0-12-5.4-12-12v-40zm0 128c0-6.6 5.4-12 12-12h40c6.6 0 12 5.4 12 12v40c0 6.6-5.4 12-12 12h-40c-6.6 0-12-5.4-12-12v-40zM192 268c0-6.6 5.4-12 12-12h40c6.6 0 12 5.4 12 12v40c0 6.6-5.4 12-12 12h-40c-6.6 0-12-5.4-12-12v-40zm0 128c0-6.6 5.4-12 12-12h40c6.6 0 12 5.4 12 12v40c0 6.6-5.4 12-12 12h-40c-6.6 0-12-5.4-12-12v-40zM64 268c0-6.6 5.4-12 12-12h40c6.6 0 12 5.4 12 12v40c0 6.6-5.4 12-12 12H76c-6.6 0-12-5.4-12-12v-40zm0 128c0-6.6 5.4-12 12-12h40c6.6 0 12 5.4 12 12v40c0 6.6-5.4 12-12 12H76c-6.6 0-12-5.4-12-12v-40zM400 64h-48V16c0-8.8-7.2-16-16-16h-32c-8.8 0-16 7.2-16 16v48H160V16c0-8.8-7.2-16-16-16h-32c-8.8 0-16 7.2-16 16v48H48C21.5 64 0 85.5 0 112v48h448v-48c0-26.5-21.5-48-48-48z\"><\/path><\/svg>\t\t\t\t\t\t<\/span>\n\t\t\t\t\t\t\t\t\t\t<span class=\"elementor-icon-list-text\">25 April 2025<\/span>\n\t\t\t\t\t\t\t\t\t<\/li>\n\t\t\t\t\t\t<\/ul>\n\t\t\t\t\t\t<\/div>\n\t\t\t\t<\/div>\n\t\t\t\t<\/div>\n\t\t\t\t<div class=\"elementor-element elementor-element-fb06af9 elementor-widget elementor-widget-heading\" data-id=\"fb06af9\" data-element_type=\"widget\" data-e-type=\"widget\" data-widget_type=\"heading.default\">\n\t\t\t\t<div class=\"elementor-widget-container\">\n\t\t\t\t\t<h3 class=\"elementor-heading-title elementor-size-default\"><a href=\"https:\/\/opt-mvac.org\/wp-content\/uploads\/2025\/11\/OPT-MVAC_FactSheet_FR.pdf\" target=\"_blank\">T\u00e9l\u00e9charger la fiche d'information du projet<\/a><\/h3>\t\t\t\t<\/div>\n\t\t\t\t<\/div>\n\t\t\t\t<div class=\"elementor-element elementor-element-ec61a26 read-more-btn elementor-widget elementor-widget-button\" data-id=\"ec61a26\" data-element_type=\"widget\" data-e-type=\"widget\" data-widget_type=\"button.default\">\n\t\t\t\t<div class=\"elementor-widget-container\">\n\t\t\t\t\t\t\t\t\t<div class=\"elementor-button-wrapper\">\n\t\t\t\t\t<a class=\"elementor-button elementor-button-link elementor-size-sm\" href=\"https:\/\/opt-mvac.org\/wp-content\/uploads\/2025\/11\/OPT-MVAC_FactSheet_FR.pdf\">\n\t\t\t\t\t\t<span class=\"elementor-button-content-wrapper\">\n\t\t\t\t\t\t<span class=\"elementor-button-icon\">\n\t\t\t\t<svg xmlns=\"http:\/\/www.w3.org\/2000\/svg\" width=\"24\" height=\"16\" viewBox=\"0 0 24 16\"><path d=\"M8,0,6.545,1.455l5.506,5.506H-8V9.039H12.052L6.545,14.545,8,16l8-8Z\" transform=\"translate(8)\" fill=\"currentColor\"><\/path><\/svg>\t\t\t<\/span>\n\t\t\t\t\t\t\t\t\t<span class=\"elementor-button-text\">En savoir plus<\/span>\n\t\t\t\t\t<\/span>\n\t\t\t\t\t<\/a>\n\t\t\t\t<\/div>\n\t\t\t\t\t\t\t\t<\/div>\n\t\t\t\t<\/div>\n\t\t\t\t<\/div>\n\t\t\t\t<\/div>\n\t\t\t\t\t<\/div>\n\t\t\t\t<\/div>\n\t\t\t\t<\/div>\n\t\t","protected":false},"excerpt":{"rendered":"<p>Optimiser la vaccination contre le paludisme Le d\u00e9ploiement de vaccins antipaludiques efficaces marque une \u00e9tape majeure pour la sant\u00e9 mondiale, offrant chaque ann\u00e9e une protection vitale dans les zones d&rsquo;end\u00e9mie. Forte du succ\u00e8s du Programme de mise en \u0153uvre de vaccins antipaludiques au Ghana, au Malawi et au Kenya \u2013 qui a d\u00e9montr\u00e9 sur une [&hellip;]<\/p>\n","protected":false},"author":2,"featured_media":0,"parent":0,"menu_order":0,"comment_status":"closed","ping_status":"closed","template":"elementor_header_footer","meta":{"footnotes":""},"class_list":["post-871","page","type-page","status-publish","hentry"],"_links":{"self":[{"href":"https:\/\/opt-mvac.org\/fr\/wp-json\/wp\/v2\/pages\/871","targetHints":{"allow":["GET"]}}],"collection":[{"href":"https:\/\/opt-mvac.org\/fr\/wp-json\/wp\/v2\/pages"}],"about":[{"href":"https:\/\/opt-mvac.org\/fr\/wp-json\/wp\/v2\/types\/page"}],"author":[{"embeddable":true,"href":"https:\/\/opt-mvac.org\/fr\/wp-json\/wp\/v2\/users\/2"}],"replies":[{"embeddable":true,"href":"https:\/\/opt-mvac.org\/fr\/wp-json\/wp\/v2\/comments?post=871"}],"version-history":[{"count":12,"href":"https:\/\/opt-mvac.org\/fr\/wp-json\/wp\/v2\/pages\/871\/revisions"}],"predecessor-version":[{"id":1301,"href":"https:\/\/opt-mvac.org\/fr\/wp-json\/wp\/v2\/pages\/871\/revisions\/1301"}],"wp:attachment":[{"href":"https:\/\/opt-mvac.org\/fr\/wp-json\/wp\/v2\/media?parent=871"}],"curies":[{"name":"wp","href":"https:\/\/api.w.org\/{rel}","templated":true}]}}