{"id":869,"date":"2025-10-13T08:38:31","date_gmt":"2025-10-13T08:38:31","guid":{"rendered":"https:\/\/opt-mvac.org\/work-packages\/"},"modified":"2026-03-19T09:48:26","modified_gmt":"2026-03-19T09:48:26","slug":"work-packages","status":"publish","type":"page","link":"https:\/\/opt-mvac.org\/fr\/work-packages\/","title":{"rendered":"Work Packages"},"content":{"rendered":"\t\t<div data-elementor-type=\"wp-page\" data-elementor-id=\"869\" class=\"elementor elementor-869 elementor-670\" data-elementor-post-type=\"page\">\n\t\t\t\t<div class=\"elementor-element elementor-element-53637c4 e-con-full e-flex e-con e-parent\" data-id=\"53637c4\" data-element_type=\"container\" data-e-type=\"container\" data-settings=\"{&quot;background_background&quot;:&quot;classic&quot;}\">\n\t\t\t\t<\/div>\n\t\t<div class=\"elementor-element elementor-element-c840769 e-flex e-con-boxed e-con e-parent\" data-id=\"c840769\" data-element_type=\"container\" data-e-type=\"container\">\n\t\t\t\t\t<div class=\"e-con-inner\">\n\t\t<div class=\"elementor-element elementor-element-765fb2c e-con-full e-flex e-con e-child\" data-id=\"765fb2c\" data-element_type=\"container\" data-e-type=\"container\">\n\t\t<div class=\"elementor-element elementor-element-ded8c4c e-con-full e-flex e-con e-child\" data-id=\"ded8c4c\" data-element_type=\"container\" data-e-type=\"container\">\n\t\t\t\t<div class=\"elementor-element elementor-element-7d2d4ee animated-fast elementor-invisible elementor-widget elementor-widget-heading\" data-id=\"7d2d4ee\" data-element_type=\"widget\" data-e-type=\"widget\" data-settings=\"{&quot;_animation&quot;:&quot;fadeIn&quot;}\" data-widget_type=\"heading.default\">\n\t\t\t\t<div class=\"elementor-widget-container\">\n\t\t\t\t\t<h2 class=\"elementor-heading-title elementor-size-default\">Les cinq <b>Work Packages<\/b> OPT-MVAC<\/h2>\t\t\t\t<\/div>\n\t\t\t\t<\/div>\n\t\t\t\t<div class=\"elementor-element elementor-element-988cd26 elementor-widget elementor-widget-text-editor\" data-id=\"988cd26\" data-element_type=\"widget\" data-e-type=\"widget\" data-widget_type=\"text-editor.default\">\n\t\t\t\t<div class=\"elementor-widget-container\">\n\t\t\t\t\t\t\t\t\t<p>Le plan de travail du consortium OPT-MVAC comprend <span style=\"text-decoration: underline;\"><strong>cinq lots de work packages<\/strong><\/span> (WPs), chacun \u00e9tant charg\u00e9 d\u2019objectifs et de livrables relatifs au projet et \u00e0 son ex\u00e9cution.<\/p>\t\t\t\t\t\t\t\t<\/div>\n\t\t\t\t<\/div>\n\t\t\t\t<\/div>\n\t\t<div class=\"elementor-element elementor-element-300c25b e-con-full e-flex e-con e-child\" data-id=\"300c25b\" data-element_type=\"container\" data-e-type=\"container\">\n\t\t\t\t<div class=\"elementor-element elementor-element-a7e4899 elementor-widget elementor-widget-heading\" data-id=\"a7e4899\" data-element_type=\"widget\" data-e-type=\"widget\" data-widget_type=\"heading.default\">\n\t\t\t\t<div class=\"elementor-widget-container\">\n\t\t\t\t\t<h3 class=\"elementor-heading-title elementor-size-default\"><a href=\"#wp-1\">Gestion de projet<\/a><\/h3>\t\t\t\t<\/div>\n\t\t\t\t<\/div>\n\t\t\t\t<div class=\"elementor-element elementor-element-00275f0 elementor-widget elementor-widget-heading\" data-id=\"00275f0\" data-element_type=\"widget\" data-e-type=\"widget\" data-widget_type=\"heading.default\">\n\t\t\t\t<div class=\"elementor-widget-container\">\n\t\t\t\t\t<h3 class=\"elementor-heading-title elementor-size-default\"><a href=\"#wp-2\">Leadership scientifique, recherche appliqu\u00e9e, formation et d\u00e9veloppement des capacit\u00e9s de recherche<\/a><\/h3>\t\t\t\t<\/div>\n\t\t\t\t<\/div>\n\t\t\t\t<div class=\"elementor-element elementor-element-ee88311 elementor-widget elementor-widget-heading\" data-id=\"ee88311\" data-element_type=\"widget\" data-e-type=\"widget\" data-widget_type=\"heading.default\">\n\t\t\t\t<div class=\"elementor-widget-container\">\n\t\t\t\t\t<h3 class=\"elementor-heading-title elementor-size-default\"><a href=\"#wp-3\">M\u00e9thodes \u00e9pid\u00e9miologiques, statistiques et gestion des donn\u00e9es<\/a><\/h3>\t\t\t\t<\/div>\n\t\t\t\t<\/div>\n\t\t\t\t<div class=\"elementor-element elementor-element-4f87bf4 elementor-widget elementor-widget-heading\" data-id=\"4f87bf4\" data-element_type=\"widget\" data-e-type=\"widget\" data-widget_type=\"heading.default\">\n\t\t\t\t<div class=\"elementor-widget-container\">\n\t\t\t\t\t<h3 class=\"elementor-heading-title elementor-size-default\"><a href=\"#wp-4\">S\u00e9curit\u00e9 et pharmacovigilance des vaccins contre le paludisme<\/a><\/h3>\t\t\t\t<\/div>\n\t\t\t\t<\/div>\n\t\t\t\t<div class=\"elementor-element elementor-element-50c297c elementor-widget elementor-widget-heading\" data-id=\"50c297c\" data-element_type=\"widget\" data-e-type=\"widget\" data-widget_type=\"heading.default\">\n\t\t\t\t<div class=\"elementor-widget-container\">\n\t\t\t\t\t<h3 class=\"elementor-heading-title elementor-size-default\"><a href=\"#wp-5\">Communications, diffusion et exploitation<\/a><\/h3>\t\t\t\t<\/div>\n\t\t\t\t<\/div>\n\t\t\t\t<\/div>\n\t\t\t\t<\/div>\n\t\t\t\t<div class=\"elementor-element elementor-element-ff41f1f elementor-widget elementor-widget-menu-anchor\" data-id=\"ff41f1f\" data-element_type=\"widget\" data-e-type=\"widget\" data-widget_type=\"menu-anchor.default\">\n\t\t\t\t<div class=\"elementor-widget-container\">\n\t\t\t\t\t\t\t<div class=\"elementor-menu-anchor\" id=\"wp-1\"><\/div>\n\t\t\t\t\t\t<\/div>\n\t\t\t\t<\/div>\n\t\t\t\t<div class=\"elementor-element elementor-element-2bf42e0 animated-fast elementor-invisible elementor-widget elementor-widget-heading\" data-id=\"2bf42e0\" data-element_type=\"widget\" data-e-type=\"widget\" data-settings=\"{&quot;_animation&quot;:&quot;fadeIn&quot;}\" data-widget_type=\"heading.default\">\n\t\t\t\t<div class=\"elementor-widget-container\">\n\t\t\t\t\t<h2 class=\"elementor-heading-title elementor-size-default\"><b>WP 1:<\/b> Gestion de projet<\/h2>\t\t\t\t<\/div>\n\t\t\t\t<\/div>\n\t\t<div class=\"elementor-element elementor-element-45211d3 e-con-full e-flex e-con e-child\" data-id=\"45211d3\" data-element_type=\"container\" data-e-type=\"container\">\n\t\t<div class=\"elementor-element elementor-element-672d5e0 e-con-full e-flex e-con e-child\" data-id=\"672d5e0\" data-element_type=\"container\" data-e-type=\"container\">\n\t\t\t\t<div class=\"elementor-element elementor-element-59dfc0f elementor-widget elementor-widget-image\" data-id=\"59dfc0f\" data-element_type=\"widget\" data-e-type=\"widget\" data-widget_type=\"image.default\">\n\t\t\t\t<div class=\"elementor-widget-container\">\n\t\t\t\t\t\t\t\t\t\t\t\t\t\t\t<img fetchpriority=\"high\" decoding=\"async\" width=\"800\" height=\"354\" src=\"https:\/\/opt-mvac.org\/wp-content\/uploads\/2025\/10\/banner-publications-1024x453.jpg\" class=\"attachment-large size-large wp-image-720\" alt=\"\" srcset=\"https:\/\/opt-mvac.org\/wp-content\/uploads\/2025\/10\/banner-publications-1024x453.jpg 1024w, https:\/\/opt-mvac.org\/wp-content\/uploads\/2025\/10\/banner-publications-300x133.jpg 300w, https:\/\/opt-mvac.org\/wp-content\/uploads\/2025\/10\/banner-publications-768x340.jpg 768w, https:\/\/opt-mvac.org\/wp-content\/uploads\/2025\/10\/banner-publications-1536x680.jpg 1536w, https:\/\/opt-mvac.org\/wp-content\/uploads\/2025\/10\/banner-publications.jpg 1920w\" sizes=\"(max-width: 800px) 100vw, 800px\" \/>\t\t\t\t\t\t\t\t\t\t\t\t\t\t\t<\/div>\n\t\t\t\t<\/div>\n\t\t\t\t<\/div>\n\t\t<div class=\"elementor-element elementor-element-36151e1 e-con-full e-flex e-con e-child\" data-id=\"36151e1\" data-element_type=\"container\" data-e-type=\"container\">\n\t\t\t\t<div class=\"elementor-element elementor-element-3fcb514 elementor-widget elementor-widget-heading\" data-id=\"3fcb514\" data-element_type=\"widget\" data-e-type=\"widget\" data-widget_type=\"heading.default\">\n\t\t\t\t<div class=\"elementor-widget-container\">\n\t\t\t\t\t<h2 class=\"elementor-heading-title elementor-size-default\">Dirig\u00e9 par Michel Vaillant<\/h2>\t\t\t\t<\/div>\n\t\t\t\t<\/div>\n\t\t\t\t<div class=\"elementor-element elementor-element-85e3204 elementor-widget elementor-widget-heading\" data-id=\"85e3204\" data-element_type=\"widget\" data-e-type=\"widget\" data-widget_type=\"heading.default\">\n\t\t\t\t<div class=\"elementor-widget-container\">\n\t\t\t\t\t<p class=\"elementor-heading-title elementor-size-default\"><a href=\"https:\/\/www.lih.lu\/en\/\" target=\"_blank\">Luxembourg Institute of Health<\/a><\/p>\t\t\t\t<\/div>\n\t\t\t\t<\/div>\n\t\t\t\t<div class=\"elementor-element elementor-element-055bc94 elementor-widget elementor-widget-text-editor\" data-id=\"055bc94\" data-element_type=\"widget\" data-e-type=\"widget\" data-widget_type=\"text-editor.default\">\n\t\t\t\t<div class=\"elementor-widget-container\">\n\t\t\t\t\t\t\t\t\t<p>Le WP1 veillera \u00e0 ce que les objectifs, les jalons et les livrables du projet soient atteints et que le plan de travail soit mis en \u0153uvre conform\u00e9ment \u00e0 la convention de subvention et \u00e0 l\u2019accord de consortium. Ses responsabilit\u00e9s incluent le soutien du projet pour la gestion financi\u00e8re, la logistique, la communication interne et la coordination, conform\u00e9ment aux r\u00e8gles et proc\u00e9dures de la Commission europ\u00e9enne.<\/p>\t\t\t\t\t\t\t\t<\/div>\n\t\t\t\t<\/div>\n\t\t\t\t<\/div>\n\t\t\t\t<\/div>\n\t\t\t\t<div class=\"elementor-element elementor-element-b714aeb elementor-widget elementor-widget-menu-anchor\" data-id=\"b714aeb\" data-element_type=\"widget\" data-e-type=\"widget\" data-widget_type=\"menu-anchor.default\">\n\t\t\t\t<div class=\"elementor-widget-container\">\n\t\t\t\t\t\t\t<div class=\"elementor-menu-anchor\" id=\"wp-2\"><\/div>\n\t\t\t\t\t\t<\/div>\n\t\t\t\t<\/div>\n\t\t\t\t<div class=\"elementor-element elementor-element-56f2310 animated-fast elementor-invisible elementor-widget elementor-widget-heading\" data-id=\"56f2310\" data-element_type=\"widget\" data-e-type=\"widget\" data-settings=\"{&quot;_animation&quot;:&quot;fadeIn&quot;}\" data-widget_type=\"heading.default\">\n\t\t\t\t<div class=\"elementor-widget-container\">\n\t\t\t\t\t<h2 class=\"elementor-heading-title elementor-size-default\"><b>WP 2:<\/b> Leadership scientifique, recherche appliqu\u00e9e, formation et d\u00e9veloppement des capacit\u00e9s de recherche<\/h2>\t\t\t\t<\/div>\n\t\t\t\t<\/div>\n\t\t<div class=\"elementor-element elementor-element-734ea21 e-con-full e-flex e-con e-child\" data-id=\"734ea21\" data-element_type=\"container\" data-e-type=\"container\">\n\t\t<div class=\"elementor-element elementor-element-1bf0b54 e-con-full e-flex e-con e-child\" data-id=\"1bf0b54\" data-element_type=\"container\" data-e-type=\"container\" data-settings=\"{&quot;background_background&quot;:&quot;classic&quot;}\">\n\t\t\t\t<div class=\"elementor-element elementor-element-f5fb246 elementor-widget elementor-widget-heading\" data-id=\"f5fb246\" data-element_type=\"widget\" data-e-type=\"widget\" data-widget_type=\"heading.default\">\n\t\t\t\t<div class=\"elementor-widget-container\">\n\t\t\t\t\t<h2 class=\"elementor-heading-title elementor-size-default\">Dirig\u00e9 par Fatimata Bintou Sall<\/h2>\t\t\t\t<\/div>\n\t\t\t\t<\/div>\n\t\t\t\t<div class=\"elementor-element elementor-element-cf8a185 elementor-widget elementor-widget-heading\" data-id=\"cf8a185\" data-element_type=\"widget\" data-e-type=\"widget\" data-widget_type=\"heading.default\">\n\t\t\t\t<div class=\"elementor-widget-container\">\n\t\t\t\t\t<p class=\"elementor-heading-title elementor-size-default\"><a href=\"https:\/\/www.uidt.sn\/\"><b><u>Universit\u00e9 Iba Der Thiam de Thi\u00e8s<\/u><\/b><\/a><\/p>\t\t\t\t<\/div>\n\t\t\t\t<\/div>\n\t\t\t\t<div class=\"elementor-element elementor-element-b583eec elementor-widget elementor-widget-text-editor\" data-id=\"b583eec\" data-element_type=\"widget\" data-e-type=\"widget\" data-widget_type=\"text-editor.default\">\n\t\t\t\t<div class=\"elementor-widget-container\">\n\t\t\t\t\t\t\t\t\t<p>En collaboration avec l\u2019Universit\u00e9 de Thi\u00e8s, la LSHTM et le OMS-TDR (Programme sp\u00e9cial de recherche et de formation sur les maladies tropicales), le WP2 fournira un soutien technique et des formations pour aider les pays \u00e0 mettre en \u0153uvre des protocoles de recherche visant \u00e0 surveiller l\u2019introduction du vaccin antipaludique, \u00e0 identifier les obstacles \u00e0 son adoption et \u00e0 \u00e9laborer des strat\u00e9gies d\u2019att\u00e9nuation des risques potentiels. Le WP2 d\u00e9finira les priorit\u00e9s du projet et garantira le respect des bonnes pratiques cliniques et des normes internationales.<\/p>\t\t\t\t\t\t\t\t<\/div>\n\t\t\t\t<\/div>\n\t\t\t\t<\/div>\n\t\t<div class=\"elementor-element elementor-element-6bcd01b e-con-full e-flex e-con e-child\" data-id=\"6bcd01b\" data-element_type=\"container\" data-e-type=\"container\">\n\t\t\t\t<div class=\"elementor-element elementor-element-9b8b140 elementor-widget elementor-widget-image\" data-id=\"9b8b140\" data-element_type=\"widget\" data-e-type=\"widget\" data-widget_type=\"image.default\">\n\t\t\t\t<div class=\"elementor-widget-container\">\n\t\t\t\t\t\t\t\t\t\t\t\t\t\t\t<img decoding=\"async\" width=\"800\" height=\"389\" src=\"https:\/\/opt-mvac.org\/wp-content\/uploads\/2025\/10\/wp-2.jpg\" class=\"attachment-large size-large wp-image-728\" alt=\"\" srcset=\"https:\/\/opt-mvac.org\/wp-content\/uploads\/2025\/10\/wp-2.jpg 962w, https:\/\/opt-mvac.org\/wp-content\/uploads\/2025\/10\/wp-2-300x146.jpg 300w, https:\/\/opt-mvac.org\/wp-content\/uploads\/2025\/10\/wp-2-768x374.jpg 768w\" sizes=\"(max-width: 800px) 100vw, 800px\" \/>\t\t\t\t\t\t\t\t\t\t\t\t\t\t\t<\/div>\n\t\t\t\t<\/div>\n\t\t\t\t<\/div>\n\t\t\t\t<\/div>\n\t\t\t\t<div class=\"elementor-element elementor-element-43b9744 elementor-widget elementor-widget-menu-anchor\" data-id=\"43b9744\" data-element_type=\"widget\" data-e-type=\"widget\" data-widget_type=\"menu-anchor.default\">\n\t\t\t\t<div class=\"elementor-widget-container\">\n\t\t\t\t\t\t\t<div class=\"elementor-menu-anchor\" id=\"wp-3\"><\/div>\n\t\t\t\t\t\t<\/div>\n\t\t\t\t<\/div>\n\t\t\t\t<div class=\"elementor-element elementor-element-988b85a animated-fast elementor-invisible elementor-widget elementor-widget-heading\" data-id=\"988b85a\" data-element_type=\"widget\" data-e-type=\"widget\" data-settings=\"{&quot;_animation&quot;:&quot;fadeIn&quot;}\" data-widget_type=\"heading.default\">\n\t\t\t\t<div class=\"elementor-widget-container\">\n\t\t\t\t\t<h2 class=\"elementor-heading-title elementor-size-default\"><b>WP 3:<\/b> M\u00e9thodes \u00e9pid\u00e9miologiques, statistiques et gestion des donn\u00e9es<\/h2>\t\t\t\t<\/div>\n\t\t\t\t<\/div>\n\t\t<div class=\"elementor-element elementor-element-a3fc9a9 e-con-full e-flex e-con e-child\" data-id=\"a3fc9a9\" data-element_type=\"container\" data-e-type=\"container\">\n\t\t<div class=\"elementor-element elementor-element-ad64ad4 e-con-full e-flex e-con e-child\" data-id=\"ad64ad4\" data-element_type=\"container\" data-e-type=\"container\">\n\t\t\t\t<div class=\"elementor-element elementor-element-4a7ce28 elementor-widget elementor-widget-image\" data-id=\"4a7ce28\" data-element_type=\"widget\" data-e-type=\"widget\" data-widget_type=\"image.default\">\n\t\t\t\t<div class=\"elementor-widget-container\">\n\t\t\t\t\t\t\t\t\t\t\t\t\t\t\t<img decoding=\"async\" width=\"687\" height=\"468\" src=\"https:\/\/opt-mvac.org\/wp-content\/uploads\/2025\/10\/wp-3.jpg\" class=\"attachment-large size-large wp-image-730\" alt=\"\" srcset=\"https:\/\/opt-mvac.org\/wp-content\/uploads\/2025\/10\/wp-3.jpg 687w, https:\/\/opt-mvac.org\/wp-content\/uploads\/2025\/10\/wp-3-300x204.jpg 300w\" sizes=\"(max-width: 687px) 100vw, 687px\" \/>\t\t\t\t\t\t\t\t\t\t\t\t\t\t\t<\/div>\n\t\t\t\t<\/div>\n\t\t\t\t<\/div>\n\t\t<div class=\"elementor-element elementor-element-a037228 e-con-full e-flex e-con e-child\" data-id=\"a037228\" data-element_type=\"container\" data-e-type=\"container\" data-settings=\"{&quot;background_background&quot;:&quot;classic&quot;}\">\n\t\t\t\t<div class=\"elementor-element elementor-element-f5b722b elementor-widget elementor-widget-heading\" data-id=\"f5b722b\" data-element_type=\"widget\" data-e-type=\"widget\" data-widget_type=\"heading.default\">\n\t\t\t\t<div class=\"elementor-widget-container\">\n\t\t\t\t\t<h2 class=\"elementor-heading-title elementor-size-default\">Dirig\u00e9 par Paul Milligan <\/h2>\t\t\t\t<\/div>\n\t\t\t\t<\/div>\n\t\t\t\t<div class=\"elementor-element elementor-element-3fb92d6 elementor-widget elementor-widget-heading\" data-id=\"3fb92d6\" data-element_type=\"widget\" data-e-type=\"widget\" data-widget_type=\"heading.default\">\n\t\t\t\t<div class=\"elementor-widget-container\">\n\t\t\t\t\t<p class=\"elementor-heading-title elementor-size-default\"><a href=\"https:\/\/www.lshtm.ac.uk\/\" target=\"_blank\">London School of Hygiene &amp; Tropical Medicine<\/a><\/p>\t\t\t\t<\/div>\n\t\t\t\t<\/div>\n\t\t\t\t<div class=\"elementor-element elementor-element-72ca59b elementor-widget elementor-widget-text-editor\" data-id=\"72ca59b\" data-element_type=\"widget\" data-e-type=\"widget\" data-widget_type=\"text-editor.default\">\n\t\t\t\t<div class=\"elementor-widget-container\">\n\t\t\t\t\t\t\t\t\t<p>Le WP3 soutiendra la production de donn\u00e9es fiables et actualis\u00e9es afin d\u2019am\u00e9liorer les performances de la vaccination. Les activit\u00e9s comprendront l\u2019harmonisation des m\u00e9thodes de suivi et d\u2019\u00e9valuation entre les pays afin de garantir la comparabilit\u00e9 des donn\u00e9es et de garantir l\u2019\u00e9thique de la collecte, l\u2019int\u00e9grit\u00e9 et la qualit\u00e9 des donn\u00e9es. L\u2019assistance \u00e0 chaque pays sera fournie en personne, par courriel et par WhatsApp, sous la direction des partenaires de la LSHTM, avec le soutien du LIH, du OMS-TDR, de l\u2019UIDT et d\u2019experts de chaque pays.<\/p>\t\t\t\t\t\t\t\t<\/div>\n\t\t\t\t<\/div>\n\t\t\t\t<\/div>\n\t\t\t\t<\/div>\n\t\t\t\t<div class=\"elementor-element elementor-element-6dd2142 elementor-widget elementor-widget-menu-anchor\" data-id=\"6dd2142\" data-element_type=\"widget\" data-e-type=\"widget\" data-widget_type=\"menu-anchor.default\">\n\t\t\t\t<div class=\"elementor-widget-container\">\n\t\t\t\t\t\t\t<div class=\"elementor-menu-anchor\" id=\"wp-4\"><\/div>\n\t\t\t\t\t\t<\/div>\n\t\t\t\t<\/div>\n\t\t\t\t<div class=\"elementor-element elementor-element-d011f2a animated-fast elementor-invisible elementor-widget elementor-widget-heading\" data-id=\"d011f2a\" data-element_type=\"widget\" data-e-type=\"widget\" data-settings=\"{&quot;_animation&quot;:&quot;fadeIn&quot;}\" data-widget_type=\"heading.default\">\n\t\t\t\t<div class=\"elementor-widget-container\">\n\t\t\t\t\t<h2 class=\"elementor-heading-title elementor-size-default\"><b>WP 4:<\/b> S\u00e9curit\u00e9 et pharmacovigilance des vaccins contre le paludisme<\/h2>\t\t\t\t<\/div>\n\t\t\t\t<\/div>\n\t\t<div class=\"elementor-element elementor-element-61ef23b e-con-full e-flex e-con e-child\" data-id=\"61ef23b\" data-element_type=\"container\" data-e-type=\"container\">\n\t\t<div class=\"elementor-element elementor-element-d1bb82c e-con-full e-flex e-con e-child\" data-id=\"d1bb82c\" data-element_type=\"container\" data-e-type=\"container\">\n\t\t\t\t<div class=\"elementor-element elementor-element-fae3173 elementor-widget elementor-widget-heading\" data-id=\"fae3173\" data-element_type=\"widget\" data-e-type=\"widget\" data-widget_type=\"heading.default\">\n\t\t\t\t<div class=\"elementor-widget-container\">\n\t\t\t\t\t<h2 class=\"elementor-heading-title elementor-size-default\">Dirig\u00e9 par Rachida Soulaymani <\/h2>\t\t\t\t<\/div>\n\t\t\t\t<\/div>\n\t\t\t\t<div class=\"elementor-element elementor-element-155c5b6 elementor-widget elementor-widget-heading\" data-id=\"155c5b6\" data-element_type=\"widget\" data-e-type=\"widget\" data-widget_type=\"heading.default\">\n\t\t\t\t<div class=\"elementor-widget-container\">\n\t\t\t\t\t<p class=\"elementor-heading-title elementor-size-default\"><a href=\"https:\/\/www.rcc-pv.org\/\" target=\"_blank\">Rabat Collaborating Centre<\/a><\/p>\t\t\t\t<\/div>\n\t\t\t\t<\/div>\n\t\t\t\t<div class=\"elementor-element elementor-element-2355427 elementor-widget elementor-widget-text-editor\" data-id=\"2355427\" data-element_type=\"widget\" data-e-type=\"widget\" data-widget_type=\"text-editor.default\">\n\t\t\t\t<div class=\"elementor-widget-container\">\n\t\t\t\t\t\t\t\t\tEn collaboration avec tous les partenaires du consortium, le WP4 veillera \u00e0 ce que la s\u00e9lection des vaccins administr\u00e9s dans les pays participants soit bas\u00e9e sur un \u00e9quilibre positif entre les avantages et les risques ; que les syst\u00e8mes de pharmacovigilance aient la capacit\u00e9 de collecter et d\u2019analyser des donn\u00e9es pour traiter les risques de mani\u00e8re proactive ; et que les ressources n\u00e9cessaires soient allou\u00e9es pour soutenir le bon fonctionnement des op\u00e9rations de pharmacovigilance.\n\n\t\t\t\t\t\t\t\t<\/div>\n\t\t\t\t<\/div>\n\t\t\t\t<\/div>\n\t\t<div class=\"elementor-element elementor-element-62535bd e-con-full e-flex e-con e-child\" data-id=\"62535bd\" data-element_type=\"container\" data-e-type=\"container\">\n\t\t\t\t<div class=\"elementor-element elementor-element-ca55457 elementor-widget elementor-widget-image\" data-id=\"ca55457\" data-element_type=\"widget\" data-e-type=\"widget\" data-widget_type=\"image.default\">\n\t\t\t\t<div class=\"elementor-widget-container\">\n\t\t\t\t\t\t\t\t\t\t\t\t\t\t\t<img loading=\"lazy\" decoding=\"async\" width=\"800\" height=\"392\" src=\"https:\/\/opt-mvac.org\/wp-content\/uploads\/2025\/10\/wp-4.jpg\" class=\"attachment-large size-large wp-image-732\" alt=\"\" srcset=\"https:\/\/opt-mvac.org\/wp-content\/uploads\/2025\/10\/wp-4.jpg 955w, https:\/\/opt-mvac.org\/wp-content\/uploads\/2025\/10\/wp-4-300x147.jpg 300w, https:\/\/opt-mvac.org\/wp-content\/uploads\/2025\/10\/wp-4-768x376.jpg 768w\" sizes=\"(max-width: 800px) 100vw, 800px\" \/>\t\t\t\t\t\t\t\t\t\t\t\t\t\t\t<\/div>\n\t\t\t\t<\/div>\n\t\t\t\t<\/div>\n\t\t\t\t<\/div>\n\t\t\t\t<div class=\"elementor-element elementor-element-1d077f6 elementor-widget elementor-widget-menu-anchor\" data-id=\"1d077f6\" data-element_type=\"widget\" data-e-type=\"widget\" data-widget_type=\"menu-anchor.default\">\n\t\t\t\t<div class=\"elementor-widget-container\">\n\t\t\t\t\t\t\t<div class=\"elementor-menu-anchor\" id=\"wp-5\"><\/div>\n\t\t\t\t\t\t<\/div>\n\t\t\t\t<\/div>\n\t\t\t\t<div class=\"elementor-element elementor-element-9071fc7 animated-fast elementor-invisible elementor-widget elementor-widget-heading\" data-id=\"9071fc7\" data-element_type=\"widget\" data-e-type=\"widget\" data-settings=\"{&quot;_animation&quot;:&quot;fadeIn&quot;}\" data-widget_type=\"heading.default\">\n\t\t\t\t<div class=\"elementor-widget-container\">\n\t\t\t\t\t<h2 class=\"elementor-heading-title elementor-size-default\"><b>WP 5:<\/b> Communications, diffusion et exploitation<\/h2>\t\t\t\t<\/div>\n\t\t\t\t<\/div>\n\t\t<div class=\"elementor-element elementor-element-68f1f35 e-con-full e-flex e-con e-child\" data-id=\"68f1f35\" data-element_type=\"container\" data-e-type=\"container\">\n\t\t<div class=\"elementor-element elementor-element-50546db e-con-full e-flex e-con e-child\" data-id=\"50546db\" data-element_type=\"container\" data-e-type=\"container\">\n\t\t\t\t<div class=\"elementor-element elementor-element-dd5b687 elementor-widget elementor-widget-image\" data-id=\"dd5b687\" data-element_type=\"widget\" data-e-type=\"widget\" data-widget_type=\"image.default\">\n\t\t\t\t<div class=\"elementor-widget-container\">\n\t\t\t\t\t\t\t\t\t\t\t\t\t\t\t<img loading=\"lazy\" decoding=\"async\" width=\"800\" height=\"348\" src=\"https:\/\/opt-mvac.org\/wp-content\/uploads\/2025\/10\/wp-5-1024x446.jpg\" class=\"attachment-large size-large wp-image-734\" alt=\"\" srcset=\"https:\/\/opt-mvac.org\/wp-content\/uploads\/2025\/10\/wp-5-1024x446.jpg 1024w, https:\/\/opt-mvac.org\/wp-content\/uploads\/2025\/10\/wp-5-300x131.jpg 300w, https:\/\/opt-mvac.org\/wp-content\/uploads\/2025\/10\/wp-5-768x334.jpg 768w, https:\/\/opt-mvac.org\/wp-content\/uploads\/2025\/10\/wp-5.jpg 1075w\" sizes=\"(max-width: 800px) 100vw, 800px\" \/>\t\t\t\t\t\t\t\t\t\t\t\t\t\t\t<\/div>\n\t\t\t\t<\/div>\n\t\t\t\t<\/div>\n\t\t<div class=\"elementor-element elementor-element-2fd7438 e-con-full e-flex e-con e-child\" data-id=\"2fd7438\" data-element_type=\"container\" data-e-type=\"container\">\n\t\t\t\t<div class=\"elementor-element elementor-element-a1e7356 elementor-widget elementor-widget-heading\" data-id=\"a1e7356\" data-element_type=\"widget\" data-e-type=\"widget\" data-widget_type=\"heading.default\">\n\t\t\t\t<div class=\"elementor-widget-container\">\n\t\t\t\t\t<h2 class=\"elementor-heading-title elementor-size-default\">Dirig\u00e9 par Andr\u00e9-Marie Tchouatieu <\/h2>\t\t\t\t<\/div>\n\t\t\t\t<\/div>\n\t\t\t\t<div class=\"elementor-element elementor-element-8aee5af elementor-widget elementor-widget-heading\" data-id=\"8aee5af\" data-element_type=\"widget\" data-e-type=\"widget\" data-widget_type=\"heading.default\">\n\t\t\t\t<div class=\"elementor-widget-container\">\n\t\t\t\t\t<p class=\"elementor-heading-title elementor-size-default\"><a href=\"https:\/\/www.mmv.org\/\" target=\"_blank\">Medicines for Malaria Venture<\/a><\/p>\t\t\t\t<\/div>\n\t\t\t\t<\/div>\n\t\t\t\t<div class=\"elementor-element elementor-element-266e73e elementor-widget elementor-widget-text-editor\" data-id=\"266e73e\" data-element_type=\"widget\" data-e-type=\"widget\" data-widget_type=\"text-editor.default\">\n\t\t\t\t<div class=\"elementor-widget-container\">\n\t\t\t\t\t\t\t\t\tLe WP5 partagera des informations sur le projet, ses progr\u00e8s et ses conclusions avec les principales parties prenantes et s\u2019engagera dans des activit\u00e9s visant \u00e0 faciliter l\u2019am\u00e9lioration de l\u2019acc\u00e8s, de la couverture et de la confiance dans les vaccins contre toutes les maladies infectieuses \u00e9vitables.\n\n\t\t\t\t\t\t\t\t<\/div>\n\t\t\t\t<\/div>\n\t\t\t\t<\/div>\n\t\t\t\t<\/div>\n\t\t\t\t\t<\/div>\n\t\t\t\t<\/div>\n\t\t\t\t<\/div>\n\t\t","protected":false},"excerpt":{"rendered":"<p>Les cinq Work Packages OPT-MVAC Le plan de travail du consortium OPT-MVAC comprend cinq lots de work packages (WPs), chacun \u00e9tant charg\u00e9 d\u2019objectifs et de livrables relatifs au projet et \u00e0 son ex\u00e9cution. Gestion de projet Leadership scientifique, recherche appliqu\u00e9e, formation et d\u00e9veloppement des capacit\u00e9s de recherche M\u00e9thodes \u00e9pid\u00e9miologiques, statistiques et gestion des donn\u00e9es S\u00e9curit\u00e9 [&hellip;]<\/p>\n","protected":false},"author":2,"featured_media":0,"parent":0,"menu_order":0,"comment_status":"closed","ping_status":"closed","template":"elementor_header_footer","meta":{"footnotes":""},"class_list":["post-869","page","type-page","status-publish","hentry"],"_links":{"self":[{"href":"https:\/\/opt-mvac.org\/fr\/wp-json\/wp\/v2\/pages\/869","targetHints":{"allow":["GET"]}}],"collection":[{"href":"https:\/\/opt-mvac.org\/fr\/wp-json\/wp\/v2\/pages"}],"about":[{"href":"https:\/\/opt-mvac.org\/fr\/wp-json\/wp\/v2\/types\/page"}],"author":[{"embeddable":true,"href":"https:\/\/opt-mvac.org\/fr\/wp-json\/wp\/v2\/users\/2"}],"replies":[{"embeddable":true,"href":"https:\/\/opt-mvac.org\/fr\/wp-json\/wp\/v2\/comments?post=869"}],"version-history":[{"count":27,"href":"https:\/\/opt-mvac.org\/fr\/wp-json\/wp\/v2\/pages\/869\/revisions"}],"predecessor-version":[{"id":2155,"href":"https:\/\/opt-mvac.org\/fr\/wp-json\/wp\/v2\/pages\/869\/revisions\/2155"}],"wp:attachment":[{"href":"https:\/\/opt-mvac.org\/fr\/wp-json\/wp\/v2\/media?parent=869"}],"curies":[{"name":"wp","href":"https:\/\/api.w.org\/{rel}","templated":true}]}}